{"id":13,"date":"2022-12-28T14:09:45","date_gmt":"2022-12-28T13:09:45","guid":{"rendered":"https:\/\/back-to-power.de\/de\/?page_id=13"},"modified":"2026-04-19T15:30:30","modified_gmt":"2026-04-19T13:30:30","slug":"home","status":"publish","type":"page","link":"https:\/\/back-to-power.de\/de\/","title":{"rendered":"Home"},"content":{"rendered":"<section class=\"l-section wpb_row hide_on_tablets hide_on_mobiles height_medium width_full with_img\"><div class=\"l-section-img\" role=\"img\" data-img-width=\"1920\" data-img-height=\"453\" style=\"background-image: url(https:\/\/back-to-power.de\/de\/wp-content\/uploads\/pati-banner-2.jpg);background-position: center right;\"><\/div><div class=\"l-section-h i-cf\"><div class=\"g-cols vc_row via_grid cols_1 laptops-cols_inherit tablets-cols_inherit mobiles-cols_1 valign_top type_default stacking_default\"><div class=\"wpb_column vc_column_container\"><div class=\"vc_column-inner\"><div class=\"g-cols wpb_row hide_on_mobiles via_grid cols_1-4-1 laptops-cols_inherit tablets-cols_inherit mobiles-cols_1 valign_top type_default stacking_default\" style=\"--columns-gap:3rem;\"><div class=\"wpb_column vc_column_container\"><div class=\"vc_column-inner\"><\/div><\/div><div class=\"wpb_column vc_column_container us_custom_38ec8cf5\"><div class=\"vc_column-inner\"><div class=\"wpb_text_column\"><div class=\"wpb_wrapper\"><div style=\"font-family: Oswald; color: #ff5b61; font-weight: 600; font-size: max( 2rem,2vw );\">Patricia Pawlar &#8211; Happiness Coach<\/div>\n<\/div><\/div><div class=\"w-separator size_small\"><\/div><div class=\"wpb_text_column\"><div class=\"wpb_wrapper\"><h1><span style=\"color: #ffffff; text-transform: none;\"><br \/>\nAccess Bars<sup>\u00a9<\/sup> Kurse &amp; Sessions in K\u00f6ln, Bonn und NRW<\/span><\/h1>\n<h1><span style=\"color: #ffffff; text-transform: none;\">Access Bars<sup>\u00a9<\/sup> &amp; Certified Facilitator &#8211; Psychologische Beraterin<br \/>\nGanzheitliche Heilmethoden &amp; Tierkommunikation<\/span><\/h1>\n<\/div><\/div><\/div><\/div><div class=\"wpb_column vc_column_container\"><div class=\"vc_column-inner\"><\/div><\/div><\/div><\/div><\/div><\/div><\/div><\/section><section class=\"l-section wpb_row hide_on_default hide_on_laptops height_medium with_img\"><div class=\"l-section-img\" role=\"img\" data-img-width=\"1024\" data-img-height=\"1024\" style=\"background-image: url(https:\/\/back-to-power.de\/de\/wp-content\/uploads\/pati-q-3.jpg);\"><\/div><div class=\"l-section-h i-cf\"><div class=\"g-cols vc_row via_grid cols_1 laptops-cols_inherit tablets-cols_inherit mobiles-cols_1 valign_top type_default stacking_default\"><div class=\"wpb_column vc_column_container\"><div class=\"vc_column-inner\"><div class=\"g-cols wpb_row via_grid cols_1 laptops-cols_inherit tablets-cols_inherit mobiles-cols_1 valign_top type_default stacking_default\" style=\"--columns-gap:3rem;\"><div class=\"wpb_column vc_column_container\"><div class=\"vc_column-inner\"><div class=\"w-separator size_custom\" style=\"height:60px\"><\/div><div class=\"wpb_text_column\"><div class=\"wpb_wrapper\"><div style=\"font-family: Oswald; color: #ff5b61; font-weight: 600; font-size: max( 2rem,2vw ); line-height: 36px;\">Patricia Pawlar &#8211; <span style=\"white-space: nowrap;\">Happiness Coach<\/span><\/div>\n<\/div><\/div><div class=\"w-separator size_small\"><\/div><div class=\"wpb_text_column\"><div class=\"wpb_wrapper\"><h3><span style=\"color: #ffffff; text-transform: none;\"><br \/>\nAccess Bars<sup>\u00a9<\/sup> Kurse &amp; Sessions <span style=\"white-space: nowrap;\">in K\u00f6ln, Bonn und NRW<\/span><\/span><\/h3>\n<h3><span style=\"color: #ffffff; text-transform: none;\">Access Bars<sup>\u00a9<\/sup> &amp; Certified Facilitator<br \/>\nPsychologischer Berater<br \/>\nGanzheitliche Heilmethoden<br \/>\nTierkommunikation<\/span><\/h3>\n<\/div><\/div><\/div><\/div><\/div><\/div><\/div><\/div><\/div><\/section><section class=\"l-section wpb_row us_custom_85f178cc height_small\"><div class=\"l-section-h i-cf\"><div class=\"g-cols vc_row via_grid cols_1 laptops-cols_inherit tablets-cols_inherit mobiles-cols_1 valign_top type_default stacking_default\"><div class=\"wpb_column vc_column_container us_custom_255c1ed5 has_bg_color\"><div class=\"vc_column-inner\"><div class=\"w-image has_ratio align_none\"><a title=\"Access Bars\" href=\"https:\/\/back-to-power.de\/de\/access-bars\/\" aria-label=\"Access Bars\" class=\"w-image-h\"><div style=\"padding-bottom:56.25%\"><\/div><img decoding=\"async\" width=\"1500\" height=\"844\" src=\"https:\/\/back-to-power.de\/de\/wp-content\/uploads\/321749190_705939157765780_1697752573374555613_n.jpg\" class=\"attachment-full size-full\" alt=\"Access Bars Session\" loading=\"lazy\" \/><\/a><\/div><div class=\"wpb_text_column us_custom_090aafef\"><div class=\"wpb_wrapper\"><h2 style=\"text-align: center; font-size: max( 2rem,2vw ); text-transform: uppercase;\">Access Bars<sup>\u00a9<\/sup><\/h2>\n<\/div><\/div><div class=\"wpb_text_column\"><div class=\"wpb_wrapper\"><p style=\"text-align: center;\">Die Access Bars<sup>\u00a9<\/sup> sind 32 Punkte an deinem Kopf, die, wenn sie sanft ber\u00fchrt werden, einfach und ohne Anstrengung die Gedanken, Ideen, Glaubenss\u00e4tze, Emotionen und \u00dcberlegungen freisetzen, die dich davon abhalten, ein Leben zu kreieren, das du liebst.<br \/>\nAccess Bars<sup>\u00a9<\/sup> werden als wirksames und pragmatisches Werkzeug von Familien, Wellness-Behandlern, Schulen, Unternehmen, Fachkr\u00e4ften f\u00fcr geistige Gesundheit, Athleten, Gef\u00e4ngnissen, Kriegsveteranen, K\u00fcnstlern und vielen mehr angewendet.<\/p>\n<p style=\"text-align: center;\">Alles im Leben kommt zu mir mit Freude, Leichtigkeit und Herrlichkeit<\/p>\n<\/div><\/div><div class=\"w-separator size_small\"><\/div><div class=\" vc_custom_1676204569607 ubtn-ctn-center \"><a class=\"ubtn-link ult-adjust-bottom-margin ubtn-center ubtn-normal \" href=\"https:\/\/back-to-power.de\/de\/access-bars\/\" title=\"Access Bars\" ><button type=\"button\" id=\"ubtn-8571\"  class=\"ubtn ult-adjust-bottom-margin ult-responsive ubtn-normal ubtn-no-hover-bg  none  ubtn-center   tooltip-69e88991f0ace\"  data-hover=\"#ffffff\" data-border-color=\"#ff5b61\" data-bg=\"#ffffff\" data-hover-bg=\"#ff5b61\" data-border-hover=\"#ffffff\" data-shadow-hover=\"\" data-shadow-click=\"none\" data-shadow=\"\" data-shd-shadow=\"\"  data-ultimate-target='#ubtn-8571'  data-responsive-json-new='{\"font-size\":\"\",\"line-height\":\"\"}'  style=\"font-weight:normal;border-radius:12px;border-width:1px;border-color:#ff5b61;border-style:solid;background: #ffffff;color: #ff5b61;\"><span class=\"ubtn-data ubtn-icon\"><i class=\"none\" style=\"font-size:0px;color:;\"><\/i><\/span><span class=\"ubtn-hover\" style=\"background-color:#ff5b61\"><\/span><span class=\"ubtn-data ubtn-text \" >mehr \u2794<\/span><\/button><\/a><\/div><\/div><\/div><\/div><\/div><\/section><section class=\"l-section wpb_row us_custom_85f178cc height_small\"><div class=\"l-section-h i-cf\"><div class=\"g-cols vc_row via_grid cols_1 laptops-cols_inherit tablets-cols_inherit mobiles-cols_1 valign_top type_default stacking_default\"><div class=\"wpb_column vc_column_container us_custom_255c1ed5 has_bg_color\"><div class=\"vc_column-inner\"><div class=\"wpb_text_column us_custom_090aafef\"><div class=\"wpb_wrapper\"><h2 style=\"text-align: center; font-size: max( 2rem,2vw ); text-transform: uppercase;\">Access Bars &amp; Facelift Kurse<\/h2>\n<\/div><\/div><div class=\"w-separator size_small\"><\/div><div class=\"g-cols wpb_row via_grid cols_2 laptops-cols_inherit tablets-cols_inherit mobiles-cols_1 valign_top type_default stacking_default\" style=\"--columns-gap:3rem;\"><div class=\"wpb_column vc_column_container\"><div class=\"vc_column-inner\"><div class=\"wpb_text_column\"><div class=\"wpb_wrapper\"><p style=\"text-align: center;\">N\u00e4chster Access Bars Kurs:<br \/>\n23.05.2026<\/p>\n<\/div><\/div><div class=\"w-separator size_small\"><\/div><div class=\" vc_custom_1752672603764 ubtn-ctn-center \"><a class=\"ubtn-link ult-adjust-bottom-margin ubtn-center ubtn-normal \" href=\"https:\/\/www.accessconsciousness.com\/en\/public-profiles\/patricia-pawlar\/\" title=\"Access Bars Kurse\" target=\"_blank\" rel=\"noopener\" ><button type=\"button\" id=\"ubtn-1388\"  class=\"ubtn ult-adjust-bottom-margin ult-responsive ubtn-normal ubtn-no-hover-bg  none  ubtn-center   tooltip-69e88991f14e7\"  data-hover=\"#ffffff\" data-border-color=\"#ff5b61\" data-bg=\"#ffffff\" data-hover-bg=\"#ff5b61\" data-border-hover=\"#ffffff\" data-shadow-hover=\"\" data-shadow-click=\"none\" data-shadow=\"\" data-shd-shadow=\"\"  data-ultimate-target='#ubtn-1388'  data-responsive-json-new='{\"font-size\":\"\",\"line-height\":\"\"}'  style=\"font-weight:normal;border-radius:12px;border-width:1px;border-color:#ff5b61;border-style:solid;background: #ffffff;color: #ff5b61;\"><span class=\"ubtn-data ubtn-icon\"><i class=\"none\" style=\"font-size:0px;color:;\"><\/i><\/span><span class=\"ubtn-hover\" style=\"background-color:#ff5b61\"><\/span><span class=\"ubtn-data ubtn-text \" >mehr \u2794<\/span><\/button><\/a><\/div><\/div><\/div><div class=\"wpb_column vc_column_container\"><div class=\"vc_column-inner\"><div class=\"wpb_text_column\"><div class=\"wpb_wrapper\"><p style=\"text-align: center;\">N\u00e4chster Access Facelift Kurs:<br \/>\n16.05.2026<\/p>\n<\/div><\/div><div class=\"w-separator size_small\"><\/div><div class=\" vc_custom_1752672612752 ubtn-ctn-center \"><a class=\"ubtn-link ult-adjust-bottom-margin ubtn-center ubtn-normal \" href=\"https:\/\/www.accessconsciousness.com\/en\/public-profiles\/patricia-pawlar\/\" title=\"Access Facelift Kurse\" target=\"_blank\" rel=\"noopener\" ><button type=\"button\" id=\"ubtn-5660\"  class=\"ubtn ult-adjust-bottom-margin ult-responsive ubtn-normal ubtn-no-hover-bg  none  ubtn-center   tooltip-69e88991f179f\"  data-hover=\"#ffffff\" data-border-color=\"#ff5b61\" data-bg=\"#ffffff\" data-hover-bg=\"#ff5b61\" data-border-hover=\"#ffffff\" data-shadow-hover=\"\" data-shadow-click=\"none\" data-shadow=\"\" data-shd-shadow=\"\"  data-ultimate-target='#ubtn-5660'  data-responsive-json-new='{\"font-size\":\"\",\"line-height\":\"\"}'  style=\"font-weight:normal;border-radius:12px;border-width:1px;border-color:#ff5b61;border-style:solid;background: #ffffff;color: #ff5b61;\"><span class=\"ubtn-data ubtn-icon\"><i class=\"none\" style=\"font-size:0px;color:;\"><\/i><\/span><span class=\"ubtn-hover\" style=\"background-color:#ff5b61\"><\/span><span class=\"ubtn-data ubtn-text \" >mehr \u2794<\/span><\/button><\/a><\/div><\/div><\/div><\/div><\/div><\/div><\/div><\/div><\/section><section class=\"l-section wpb_row us_custom_85f178cc height_small\"><div class=\"l-section-h i-cf\"><div class=\"g-cols vc_row via_grid cols_2 laptops-cols_inherit tablets-cols_inherit mobiles-cols_1 valign_top type_default stacking_default\"><div class=\"wpb_column vc_column_container us_custom_378781bd has_bg_color\"><div class=\"vc_column-inner\"><div class=\"w-image has_ratio align_none\"><a title=\"Schamanische Reisen\" href=\"https:\/\/back-to-power.de\/de\/schamanische-reise\/\" aria-label=\"Schamatische Reise\" class=\"w-image-h\"><div style=\"padding-bottom:56.25%\"><\/div><img decoding=\"async\" width=\"1920\" height=\"1080\" src=\"https:\/\/back-to-power.de\/de\/wp-content\/uploads\/istock-4959860801-scaled-1.jpg\" class=\"attachment-full size-full\" alt=\"Schamatische Reise\" loading=\"lazy\" \/><\/a><\/div><div class=\"wpb_text_column us_custom_090aafef\"><div class=\"wpb_wrapper\"><h2 style=\"text-align: center; font-size: max( 2rem,2vw ); text-transform: uppercase;\">Schamanische Reisen<\/h2>\n<\/div><\/div><div class=\"wpb_text_column\"><div class=\"wpb_wrapper\"><p style=\"text-align: center;\">Du kannst jede Frage stellen, als Beispiel:<br \/>\n\u201eWarum kann ich meine Immobilie nicht vermieten?\u201c<br \/>\n\u201eWieso verh\u00e4lt sich mein Hund (oder auch Mann\u2026 lach) so seltsam?\u201c<\/p>\n<p style=\"text-align: center;\">Mittels schamanischer Reise in andere Geisteswelten kannst du deiner Frage auf den Grund gehen und erh\u00e4ltst Einsichten zu jeder Frage, auch zu\u00a0tiefgreifenden Themen &amp; Blockaden.<\/p>\n<\/div><\/div><div class=\"w-separator size_small\"><\/div><div class=\" vc_custom_1676204578960 ubtn-ctn-center \"><a class=\"ubtn-link ult-adjust-bottom-margin ubtn-center ubtn-normal \" href=\"https:\/\/back-to-power.de\/de\/schamanische-reise\/\" title=\"Schamanische Reisen\" ><button type=\"button\" id=\"ubtn-4208\"  class=\"ubtn ult-adjust-bottom-margin ult-responsive ubtn-normal ubtn-no-hover-bg  none  ubtn-center   tooltip-69e88991f1ff4\"  data-hover=\"#ffffff\" data-border-color=\"#ff5b61\" data-bg=\"#ffffff\" data-hover-bg=\"#ff5b61\" data-border-hover=\"#ffffff\" data-shadow-hover=\"\" data-shadow-click=\"none\" data-shadow=\"\" data-shd-shadow=\"\"  data-ultimate-target='#ubtn-4208'  data-responsive-json-new='{\"font-size\":\"\",\"line-height\":\"\"}'  style=\"font-weight:normal;border-radius:12px;border-width:1px;border-color:#ff5b61;border-style:solid;background: #ffffff;color: #ff5b61;\"><span class=\"ubtn-data ubtn-icon\"><i class=\"none\" style=\"font-size:0px;color:;\"><\/i><\/span><span class=\"ubtn-hover\" style=\"background-color:#ff5b61\"><\/span><span class=\"ubtn-data ubtn-text \" >mehr \u2794<\/span><\/button><\/a><\/div><\/div><\/div><div class=\"wpb_column vc_column_container us_custom_378781bd has_bg_color\"><div class=\"vc_column-inner\"><div class=\"w-image has_ratio align_none\"><a title=\"Tierkommunikation\" href=\"https:\/\/back-to-power.de\/de\/tierkommunikation\/\" aria-label=\"Tierkommunikation\" class=\"w-image-h\"><div style=\"padding-bottom:56.25%\"><\/div><img decoding=\"async\" width=\"1920\" height=\"1080\" src=\"https:\/\/back-to-power.de\/de\/wp-content\/uploads\/tierkommunikation-2.jpg\" class=\"attachment-full size-full\" alt=\"Tierkommunikation\" loading=\"lazy\" \/><\/a><\/div><div class=\"wpb_text_column us_custom_090aafef\"><div class=\"wpb_wrapper\"><h2 style=\"text-align: center; font-size: max( 2rem,2vw ); text-transform: uppercase;\">Tierkommunikation<\/h2>\n<\/div><\/div><div class=\"wpb_text_column\"><div class=\"wpb_wrapper\"><p style=\"text-align: center;\">Wenn Dein bester Kumpel Dir Sorgen bereitet, sei es weil er sein Verhalten pl\u00f6tzlich \u00e4ndert und du nicht mehr weiter wei\u00df, und Du auch mit professionellem Tiertraining nicht mehr weiter kommst.<\/p>\n<p style=\"text-align: center;\">Oder weil Du einfach wissen m\u00f6chten, ob Dein Liebling mit seinem Leben gl\u00fccklich ist, nehme Ich mittels einer schamanischen Reise Kontakt mit Deinem Tier auf.<\/p>\n<\/div><\/div><div class=\"w-separator size_small\"><\/div><div class=\" vc_custom_1676204585694 ubtn-ctn-center \"><a class=\"ubtn-link ult-adjust-bottom-margin ubtn-center ubtn-normal \" href=\"https:\/\/back-to-power.de\/de\/tierkommunikation\/\" title=\"Tierkommunikation\" ><button type=\"button\" id=\"ubtn-7865\"  class=\"ubtn ult-adjust-bottom-margin ult-responsive ubtn-normal ubtn-no-hover-bg  none  ubtn-center   tooltip-69e88991f2580\"  data-hover=\"#ffffff\" data-border-color=\"#ff5b61\" data-bg=\"#ffffff\" data-hover-bg=\"#ff5b61\" data-border-hover=\"#ffffff\" data-shadow-hover=\"\" data-shadow-click=\"none\" data-shadow=\"\" data-shd-shadow=\"\"  data-ultimate-target='#ubtn-7865'  data-responsive-json-new='{\"font-size\":\"\",\"line-height\":\"\"}'  style=\"font-weight:normal;border-radius:12px;border-width:1px;border-color:#ff5b61;border-style:solid;background: #ffffff;color: #ff5b61;\"><span class=\"ubtn-data ubtn-icon\"><i class=\"none\" style=\"font-size:0px;color:;\"><\/i><\/span><span class=\"ubtn-hover\" style=\"background-color:#ff5b61\"><\/span><span class=\"ubtn-data ubtn-text \" >mehr \u2794<\/span><\/button><\/a><\/div><\/div><\/div><\/div><\/div><\/section><section class=\"l-section wpb_row us_custom_057801f8 height_auto\"><div class=\"l-section-h i-cf\"><div class=\"g-cols vc_row via_grid cols_1 laptops-cols_inherit tablets-cols_inherit mobiles-cols_1 valign_top type_default stacking_default\"><div class=\"wpb_column vc_column_container us_custom_f7946f53 has_bg_color\"><div class=\"vc_column-inner\"><div class=\"w-separator size_small\"><\/div><div class=\"wpb_text_column\"><div class=\"wpb_wrapper\"><p>Ich biete neue Perspektiven und alternative Heilmethoden, die eine wundervolle Erg\u00e4nzung zur allgemeinen Medizin oder Psychologie sind. Das eine sollte das andere nicht ausschlie\u00dfen, es kann auch wundervoll in Kombination arbeiten.<\/p>\n<p>Meine Arbeit mit Menschen und auch mit Tieren ist ganzheitlich. K\u00f6rper, Geist und Seele stehen dabei im Fokus.<\/p>\n<\/div><\/div><div class=\"w-separator size_small\"><\/div><\/div><\/div><\/div><\/div><\/section>\n","protected":false},"excerpt":{"rendered":"Patricia Pawlar &#8211; Happiness Coach Access Bars\u00a9 Kurse &amp; Sessions in K\u00f6ln, Bonn und NRW Access Bars\u00a9 &amp; Certified Facilitator &#8211; Psychologische Beraterin Ganzheitliche Heilmethoden &amp; Tierkommunikation Patricia Pawlar &#8211; Happiness Coach Access Bars\u00a9 Kurse &amp; Sessions in K\u00f6ln, Bonn und NRW Access Bars\u00a9 &amp; Certified Facilitator Psychologischer Berater Ganzheitliche Heilmethoden Tierkommunikation Access Bars\u00a9 Die...","protected":false},"author":3,"featured_media":0,"parent":0,"menu_order":0,"comment_status":"closed","ping_status":"closed","template":"","meta":{"footnotes":""},"class_list":["post-13","page","type-page","status-publish","hentry"],"_links":{"self":[{"href":"https:\/\/back-to-power.de\/de\/wp-json\/wp\/v2\/pages\/13","targetHints":{"allow":["GET"]}}],"collection":[{"href":"https:\/\/back-to-power.de\/de\/wp-json\/wp\/v2\/pages"}],"about":[{"href":"https:\/\/back-to-power.de\/de\/wp-json\/wp\/v2\/types\/page"}],"author":[{"embeddable":true,"href":"https:\/\/back-to-power.de\/de\/wp-json\/wp\/v2\/users\/3"}],"replies":[{"embeddable":true,"href":"https:\/\/back-to-power.de\/de\/wp-json\/wp\/v2\/comments?post=13"}],"version-history":[{"count":116,"href":"https:\/\/back-to-power.de\/de\/wp-json\/wp\/v2\/pages\/13\/revisions"}],"predecessor-version":[{"id":749,"href":"https:\/\/back-to-power.de\/de\/wp-json\/wp\/v2\/pages\/13\/revisions\/749"}],"wp:attachment":[{"href":"https:\/\/back-to-power.de\/de\/wp-json\/wp\/v2\/media?parent=13"}],"curies":[{"name":"wp","href":"https:\/\/api.w.org\/{rel}","templated":true}]}}