{"id":2,"date":"2022-12-28T14:00:10","date_gmt":"2022-12-28T13:00:10","guid":{"rendered":"https:\/\/back-to-power.de\/de\/?page_id=2"},"modified":"2023-10-07T00:29:09","modified_gmt":"2023-10-06T22:29:09","slug":"kontakt","status":"publish","type":"page","link":"https:\/\/back-to-power.de\/de\/kontakt\/","title":{"rendered":"Kontakt"},"content":{"rendered":"<section class=\"l-section wpb_row height_medium\"><div class=\"l-section-h i-cf\"><div class=\"g-cols vc_row via_grid cols_1 laptops-cols_inherit tablets-cols_inherit mobiles-cols_1 valign_top type_default stacking_default\"><div class=\"wpb_column vc_column_container\"><div class=\"vc_column-inner\"><h1 class=\"w-post-elm post_title entry-title color_link_inherit\">Kontakt<\/h1><div class=\"w-separator size_medium\"><\/div><div class=\"g-cols wpb_row us_custom_7b07784d via_grid cols_3 laptops-cols_inherit tablets-cols_inherit mobiles-cols_1 valign_top type_default stacking_default\" style=\"--columns-gap:3rem;\"><div class=\"wpb_column vc_column_container\"><div class=\"vc_column-inner\"><div class=\"w-separator size_medium\"><\/div><div class=\" uavc-icons-center uavc-icons \">\n<a class=\"aio-tooltip 69eb6bc1525da\" href=\"tel:+4915159106591\"  data-toggle=\"tooltip\" data-placement=\"top\" title=\"Telefonanruf starten\"><div class=\"aio-icon circle \" data-animation=\"bounceIn\" data-animation-delay=\"03\" style=\"color:#ffffff;background:#ff5b62;font-size:58px;margin-right:5px;\">\n\t<i class=\"Defaults-phone\"><\/i>\n<\/div><\/a><\/div><div class=\"wpb_text_column us_custom_6217dcc9\"><div class=\"wpb_wrapper\"><p style=\"text-align: center;\"><span style=\"color: #ff5b62;\">0151 591 06 591\u202c<\/span><\/p>\n<\/div><\/div><div class=\"w-separator size_medium\"><\/div><\/div><\/div><div class=\"wpb_column vc_column_container\"><div class=\"vc_column-inner\"><div class=\"w-separator size_medium\"><\/div><div class=\" uavc-icons-center uavc-icons \">\n<a class=\"aio-tooltip 69eb6bc152aed\" href=\"mailto:info@back-to-power.de\"  data-toggle=\"tooltip\" data-placement=\"top\" title=\"\u00d6ffnet Mailprogramm\"><div class=\"aio-icon circle \" data-animation=\"bounceIn\" data-animation-delay=\"03\" style=\"color:#ffffff;background:#ff5b62;font-size:58px;margin-right:5px;\">\n\t<i class=\"Defaults-envelope-o\"><\/i>\n<\/div><\/a><\/div><div class=\"wpb_text_column us_custom_6217dcc9\"><div class=\"wpb_wrapper\"><p style=\"text-align: center;\"><span style=\"color: #ff5b62;\">info@back-to-power.de<\/span><\/p>\n<\/div><\/div><div class=\"w-separator size_medium\"><\/div><\/div><\/div><div class=\"wpb_column vc_column_container\"><div class=\"vc_column-inner\"><div class=\"w-separator size_medium\"><\/div><div class=\" uavc-icons-center uavc-icons \">\n<a class=\"aio-tooltip 69eb6bc152e78\" href=\"https:\/\/wa.me\/4915159106591\" target=\"_blank\" rel=\"nofollow noopener\"  data-toggle=\"tooltip\" data-placement=\"top\" title=\"\u00d6ffnet WhatsApp\"><div class=\"aio-icon circle \" data-animation=\"bounceIn\" data-animation-delay=\"03\" style=\"color:#ffffff;background:#ff5b62;font-size:58px;margin-right:5px;\">\n\t<i class=\"Defaults-whatsapp\"><\/i>\n<\/div><\/a><\/div><div class=\"wpb_text_column us_custom_6217dcc9\"><div class=\"wpb_wrapper\"><p style=\"text-align: center;\"><span style=\"color: #ff5b62;\">WhatsApp<\/span><\/p>\n<\/div><\/div><div class=\"w-separator size_medium\"><\/div><\/div><\/div><\/div><div class=\"w-separator size_medium with_line width_default thick_1 style_solid color_border align_center\"><div class=\"w-separator-h\"><\/div><\/div><div class=\"g-cols wpb_row via_grid cols_custom laptops-cols_inherit tablets-cols_inherit mobiles-cols_1 valign_top type_default stacking_default\" style=\"--columns-gap:3rem;--custom-columns:2.4fr 1.2fr 2.4fr \"><div class=\"wpb_column vc_column_container\"><div class=\"vc_column-inner\"><div class=\"wpb_text_column us_custom_2dbf7b3f\"><div class=\"wpb_wrapper\"><h3>Kontaktformular<\/h3>\n<\/div><\/div>\n<div class=\"wpcf7 no-js\" id=\"wpcf7-f36-o1\" lang=\"de-DE\" dir=\"ltr\" data-wpcf7-id=\"36\">\n<div class=\"screen-reader-response\"><p role=\"status\" aria-live=\"polite\" aria-atomic=\"true\"><\/p> <ul><\/ul><\/div>\n<form action=\"\/de\/wp-json\/wp\/v2\/pages\/2#wpcf7-f36-o1\" method=\"post\" class=\"wpcf7-form init\" aria-label=\"Kontaktformular\" novalidate=\"novalidate\" data-status=\"init\">\n<fieldset class=\"hidden-fields-container\"><input type=\"hidden\" name=\"_wpcf7\" value=\"36\" \/><input type=\"hidden\" name=\"_wpcf7_version\" value=\"6.1.5\" \/><input type=\"hidden\" name=\"_wpcf7_locale\" value=\"de_DE\" \/><input type=\"hidden\" name=\"_wpcf7_unit_tag\" value=\"wpcf7-f36-o1\" \/><input type=\"hidden\" name=\"_wpcf7_container_post\" value=\"0\" \/><input type=\"hidden\" name=\"_wpcf7_posted_data_hash\" value=\"\" \/>\n<\/fieldset>\n<p><label> Vorname<br \/>\n<span class=\"wpcf7-form-control-wrap\" data-name=\"vorname\"><input size=\"40\" maxlength=\"400\" class=\"wpcf7-form-control wpcf7-text wpcf7-validates-as-required\" aria-required=\"true\" aria-invalid=\"false\" value=\"\" type=\"text\" name=\"vorname\" \/><\/span> <\/label>\n<\/p>\n<p><label> Nachname<br \/>\n<span class=\"wpcf7-form-control-wrap\" data-name=\"nachname\"><input size=\"40\" maxlength=\"400\" class=\"wpcf7-form-control wpcf7-text wpcf7-validates-as-required\" aria-required=\"true\" aria-invalid=\"false\" value=\"\" type=\"text\" name=\"nachname\" \/><\/span> <\/label>\n<\/p>\n<p><label> Telefon<br \/>\n<span class=\"wpcf7-form-control-wrap\" data-name=\"tel-807\"><input size=\"40\" maxlength=\"400\" class=\"wpcf7-form-control wpcf7-tel wpcf7-text wpcf7-validates-as-tel\" aria-invalid=\"false\" value=\"\" type=\"tel\" name=\"tel-807\" \/><\/span> <\/label>\n<\/p>\n<p><label> E-Mail<br \/>\n<span class=\"wpcf7-form-control-wrap\" data-name=\"your-email\"><input size=\"40\" maxlength=\"400\" class=\"wpcf7-form-control wpcf7-email wpcf7-validates-as-required wpcf7-text wpcf7-validates-as-email\" aria-required=\"true\" aria-invalid=\"false\" value=\"\" type=\"email\" name=\"your-email\" \/><\/span> <\/label>\n<\/p>\n<p><label> Betreff<br \/>\n<span class=\"wpcf7-form-control-wrap\" data-name=\"your-subject\"><input size=\"40\" maxlength=\"400\" class=\"wpcf7-form-control wpcf7-text wpcf7-validates-as-required\" aria-required=\"true\" aria-invalid=\"false\" value=\"\" type=\"text\" name=\"your-subject\" \/><\/span> <\/label>\n<\/p>\n<p><label> Nachricht<br \/>\n<span class=\"wpcf7-form-control-wrap\" data-name=\"your-message\"><textarea cols=\"40\" rows=\"10\" maxlength=\"2000\" class=\"wpcf7-form-control wpcf7-textarea\" aria-invalid=\"false\" name=\"your-message\"><\/textarea><\/span> <\/label>\n<\/p>\n<p><label><br \/>\n<span class=\"wpcf7-form-control-wrap\" data-name=\"checkbox-634\"><span class=\"wpcf7-form-control wpcf7-checkbox\"><span class=\"wpcf7-list-item first last\"><label><input type=\"checkbox\" name=\"checkbox-634[]\" value=\"Ich stimme zu, dass meine pers\u00f6nlichen Daten gespeichert werden d\u00fcrfen, um mich zu kontaktieren.\" \/><span class=\"wpcf7-list-item-label\">Ich stimme zu, dass meine pers\u00f6nlichen Daten gespeichert werden d\u00fcrfen, um mich zu kontaktieren.<\/span><\/label><\/span><\/span><\/span><\/label>\n<\/p>\n<p><span class=\"wpcf7-form-control-wrap kc_captcha\" data-name=\"kc_captcha\"><span class=\"wpcf7-form-control wpcf7-radio\"><span class=\"captcha-image\" ><span class=\"cf7ic_instructions\">Bitte beweise, dass du kein Spambot bist und w\u00e4hle das Symbol<span> Schl\u00fcssel<\/span>.<\/span><label><input aria-label=\"1\" type=\"radio\" name=\"kc_captcha\" value=\"bot\" \/><svg aria-hidden=\"true\" role=\"img\" xmlns=\"http:\/\/www.w3.org\/2000\/svg\" viewBox=\"0 0 576 512\"><path fill=\"currentColor\" d=\"M415 24c-53 0-103 42-127 65-24-23-74-65-127-65C70 24 16 77 16 166c0 72 67 133 69 135l187 181c9 8 23 8 32 0l187-180c2-3 69-64 69-136 0-89-54-142-145-142z\"\/><\/svg><\/label><label><input aria-label=\"2\" type=\"radio\" name=\"kc_captcha\" value=\"bot\" \/><svg aria-hidden=\"true\" role=\"img\" xmlns=\"http:\/\/www.w3.org\/2000\/svg\" viewBox=\"0 0 576 512\"><path fill=\"currentColor\" d=\"M259 18l-65 132-146 22c-26 3-37 36-18 54l106 103-25 146c-5 26 23 46 46 33l131-68 131 68c23 13 51-7 46-33l-25-146 106-103c19-18 8-51-18-54l-146-22-65-132a32 32 0 00-58 0z\"\/><\/svg><\/label><label><input aria-label=\"3\" type=\"radio\" name=\"kc_captcha\" value=\"kc_human\" \/><svg aria-hidden=\"true\" role=\"img\" xmlns=\"http:\/\/www.w3.org\/2000\/svg\" viewBox=\"0 0 512 512\"><path fill=\"currentColor\" d=\"M512 176a176 176 0 01-209 173l-24 27a24 24 0 01-18 8h-37v40c0 13-11 24-24 24h-40v40c0 13-11 24-24 24H24c-13 0-24-11-24-24v-78c0-6 3-13 7-17l162-162a176 176 0 11343-55zm-176-48a48 48 0 1096 0 48 48 0 00-96 0z\"\/><\/svg><\/label>\r\n    <\/span>\r\n    <span style=\"display:none\">\r\n        <input type=\"text\" name=\"kc_honeypot\">\r\n    <\/span><\/span><\/span>\n<\/p>\n<p><input class=\"wpcf7-form-control wpcf7-submit has-spinner\" type=\"submit\" value=\"Senden\" \/>\n<\/p><div class=\"wpcf7-response-output\" aria-hidden=\"true\"><\/div>\n<\/form>\n<\/div>\n<div class=\"w-separator size_large\"><\/div><\/div><\/div><div class=\"wpb_column vc_column_container\"><div class=\"vc_column-inner\"><\/div><\/div><div class=\"wpb_column vc_column_container\"><div class=\"vc_column-inner\"><div class=\"wpb_text_column us_custom_2dbf7b3f\"><div class=\"wpb_wrapper\"><h3><i class=\"far fa-address-card\"><\/i> Visitenkarte<\/h3>\n<\/div><\/div><div class=\"wpb_text_column\"><div class=\"wpb_wrapper\"><p>Unsere Kontaktdaten als vCard zur einfachen \u00dcbernahme in Dein Adressbuch\/Kontakte f\u00fcr Smartphones oder Computer:<\/p>\n<\/div><\/div><div class=\"w-btn-wrapper align_none\"><a class=\"w-btn us-btn-style_1 us_custom_b4c0c321\" href=\"https:\/\/back-to-power.de\/de\/wp-content\/uploads\/back-to-power.vcf\"><span class=\"w-btn-label\">Download vCard<\/span><\/a><\/div><div class=\"w-tabs style_default switch_click accordion has_scrolling\" style=\"--sections-title-size:inherit\"><div class=\"w-tabs-sections titles-align_none icon_chevron cpos_right\"><div class=\"w-tabs-section\" id=\"e99e\"><button class=\"w-tabs-section-header\" aria-controls=\"content-e99e\" aria-expanded=\"false\"><div class=\"w-tabs-section-title\">Anleitung zur vCard<\/div><div class=\"w-tabs-section-control\"><\/div><\/button><div  class=\"w-tabs-section-content\" id=\"content-e99e\"><div class=\"w-tabs-section-content-h i-cf\"><div class=\"wpb_text_column\"><div class=\"wpb_wrapper\"><p><strong><i class=\"fab fa-android\" style=\"margin-right: 6px;\"><\/i> Android<\/strong><br \/>\nNach dem Herunterladen die vCard \u00f6ffnen und \u00fcber \u201eKontakt in Konto erstellen\u201c (gew\u00fcnschtes Adressbuch Konto ausw\u00e4hlen) importieren.<\/p>\n<p><strong><i class=\"fab fa-apple\" style=\"margin-right: 6px;\"><\/i> iPhone \/ iPad<\/strong><br \/>\nNach dem Download unten auf \u201cNeuen Kontakt erstellen\u201d klicken, dann oben rechts auf \u201cFertig\u201d.<\/p>\n<p><strong><i class=\"fab fa-microsoft\" style=\"margin-right: 6px;\" aria-hidden=\"true\"><\/i> Windows<\/strong><br \/>\nDie vCard downloaden und in Deinem Mailprogramm (oder wo die Kontakte verwaltet werden) \u00f6ffnen und speichern.<\/p>\n<p><strong><i class=\"fab fa-apple\" style=\"margin-right: 6px;\" aria-hidden=\"true\"><\/i> Mac<\/strong><br \/>\nDie vCard downloaden und importieren.<\/p>\n<\/div><\/div><\/div><\/div><\/div><div class=\"w-tabs-section\" id=\"bdb6\"><button class=\"w-tabs-section-header\" aria-controls=\"content-bdb6\" aria-expanded=\"false\"><div class=\"w-tabs-section-title\">QR-Code<\/div><div class=\"w-tabs-section-control\"><\/div><\/button><div  class=\"w-tabs-section-content\" id=\"content-bdb6\"><div class=\"w-tabs-section-content-h i-cf\"><div class=\"w-image has_ratio align_none\"><div class=\"w-image-h\"><div style=\"padding-bottom:100%\"><\/div><img decoding=\"async\" width=\"1035\" height=\"1036\" src=\"https:\/\/back-to-power.de\/de\/wp-content\/uploads\/qr-code.png\" class=\"attachment-large size-large\" alt=\"vCard QR-Code\" loading=\"lazy\" \/><\/div><\/div><\/div><\/div><\/div><\/div><\/div><div class=\"w-separator size_large\"><\/div><\/div><\/div><\/div><\/div><\/div><\/div><\/div><\/section><section class=\"l-section wpb_row height_medium\"><div class=\"l-section-h i-cf\"><div class=\"g-cols vc_row via_grid cols_1 laptops-cols_inherit tablets-cols_inherit mobiles-cols_1 valign_top type_default stacking_default\"><div class=\"wpb_column vc_column_container\"><div class=\"vc_column-inner\"><div class=\"wpb_text_column\"><div class=\"wpb_wrapper\"><h3>Wegbeschreibung<\/h3>\n<\/div><\/div><div class=\"w-separator size_small\"><\/div><div class=\"wpb_text_column\"><div class=\"wpb_wrapper\"><p><iframe loading=\"lazy\" style=\"border: 0;\" src=\"https:\/\/www.google.com\/maps\/embed?pb=!1m18!1m12!1m3!1d2526.4915961876764!2d7.169033499999999!3d50.7108184!2m3!1f0!2f0!3f0!3m2!1i1024!2i768!4f13.1!3m3!1m2!1s0x47bee6a72d202f59%3A0xbb1fe6c92fbd7642!2sK%C3%B6nigswinterer%20Str.%20733%2C%2053227%20Bonn!5e0!3m2!1sde!2sde!4v1672242840770!5m2!1sde!2sde\" width=\"100%\" height=\"450\" allowfullscreen=\"allowfullscreen\"><\/iframe><\/p>\n<\/div><\/div><div class=\"w-separator size_medium\"><\/div><\/div><\/div><\/div><\/div><\/section>\n","protected":false},"excerpt":{"rendered":"Kontakt 0151 591 06 591\u202c info@back-to-power.de WhatsApp Kontaktformular Vorname Nachname Telefon E-Mail Betreff Nachricht Ich stimme zu, dass meine pers\u00f6nlichen Daten gespeichert werden d\u00fcrfen, um mich zu kontaktieren. Bitte beweise, dass du kein Spambot bist und w\u00e4hle das Symbol Schl\u00fcssel. Visitenkarte Unsere Kontaktdaten als vCard zur einfachen \u00dcbernahme in Dein Adressbuch\/Kontakte f\u00fcr Smartphones oder Computer:...","protected":false},"author":3,"featured_media":0,"parent":0,"menu_order":0,"comment_status":"closed","ping_status":"open","template":"","meta":{"footnotes":""},"class_list":["post-2","page","type-page","status-publish","hentry"],"_links":{"self":[{"href":"https:\/\/back-to-power.de\/de\/wp-json\/wp\/v2\/pages\/2","targetHints":{"allow":["GET"]}}],"collection":[{"href":"https:\/\/back-to-power.de\/de\/wp-json\/wp\/v2\/pages"}],"about":[{"href":"https:\/\/back-to-power.de\/de\/wp-json\/wp\/v2\/types\/page"}],"author":[{"embeddable":true,"href":"https:\/\/back-to-power.de\/de\/wp-json\/wp\/v2\/users\/3"}],"replies":[{"embeddable":true,"href":"https:\/\/back-to-power.de\/de\/wp-json\/wp\/v2\/comments?post=2"}],"version-history":[{"count":43,"href":"https:\/\/back-to-power.de\/de\/wp-json\/wp\/v2\/pages\/2\/revisions"}],"predecessor-version":[{"id":498,"href":"https:\/\/back-to-power.de\/de\/wp-json\/wp\/v2\/pages\/2\/revisions\/498"}],"wp:attachment":[{"href":"https:\/\/back-to-power.de\/de\/wp-json\/wp\/v2\/media?parent=2"}],"curies":[{"name":"wp","href":"https:\/\/api.w.org\/{rel}","templated":true}]}}