{"id":320,"date":"2023-02-01T14:59:52","date_gmt":"2023-02-01T13:59:52","guid":{"rendered":"https:\/\/back-to-power.de\/de\/?page_id=320"},"modified":"2024-08-17T12:25:17","modified_gmt":"2024-08-17T10:25:17","slug":"impressum","status":"publish","type":"page","link":"https:\/\/back-to-power.de\/de\/impressum\/","title":{"rendered":"Impressum"},"content":{"rendered":"<section class=\"l-section wpb_row height_medium\"><div class=\"l-section-h i-cf\"><div class=\"g-cols vc_row via_grid cols_1 laptops-cols_inherit tablets-cols_inherit mobiles-cols_1 valign_top type_default stacking_default\"><div class=\"wpb_column vc_column_container\"><div class=\"vc_column-inner\"><h1 class=\"w-post-elm post_title entry-title color_link_inherit\">Impressum<\/h1><div class=\"w-separator size_small\"><\/div><div class=\"wpb_text_column\"><div class=\"wpb_wrapper\"><p>Patricia Pawlar<br \/>\nK\u00f6nigswinterer Str. 733<br \/>\n53227 Bonn<\/p>\n<dl>\n<dt style=\"width: 70px;\">Telefon:<\/dt>\n<dd>0151 591 06 591<\/dd>\n<dt style=\"width: 70px;\">E-Mail:<\/dt>\n<dd>info@back-to-power.de<\/dd>\n<\/dl>\n<p>USt-IdNr.:\u00a0 DE311964853<\/p>\n<\/div><\/div><div class=\"w-separator size_medium\"><\/div><div class=\"wpb_text_column\"><div class=\"wpb_wrapper\"><p><strong>Haftungshinweis:<\/strong><br \/>\nTrotz sorgf\u00e4ltiger inhaltlicher Kontrolle \u00fcbernehmen wir keine Haftung f\u00fcr die Inhalte externer Links. F\u00fcr den Inhalt der verlinkten Seiten sind ausschlie\u00dflich deren Betreiber verantwortlich.<\/p>\n<p><strong>Nutzungshinweis:<\/strong><br \/>\nDer Inhalt dieser Internetseiten ist urheberrechtlich gesch\u00fctzt. Die Vervielf\u00e4ltigung, Verbreitung und Ver\u00f6ffentlichung s\u00e4mtlicher Inhalte insbesondere von Text, Grafik und Fotos, bedarf der vorherigen schriftlichen Zustimmung.<\/p>\n<\/div><\/div><\/div><\/div><\/div><\/div><\/section>\n","protected":false},"excerpt":{"rendered":"ImpressumPatricia Pawlar K\u00f6nigswinterer Str. 733 53227 Bonn Telefon: 0151 591 06 591 E-Mail: info@back-to-power.de USt-IdNr.:\u00a0 DE311964853 Haftungshinweis: Trotz sorgf\u00e4ltiger inhaltlicher Kontrolle \u00fcbernehmen wir keine Haftung f\u00fcr die Inhalte externer Links. F\u00fcr den Inhalt der verlinkten Seiten sind ausschlie\u00dflich deren Betreiber verantwortlich. Nutzungshinweis: Der Inhalt dieser Internetseiten ist urheberrechtlich gesch\u00fctzt. Die Vervielf\u00e4ltigung, Verbreitung und Ver\u00f6ffentlichung s\u00e4mtlicher...","protected":false},"author":3,"featured_media":0,"parent":0,"menu_order":0,"comment_status":"closed","ping_status":"closed","template":"","meta":{"footnotes":""},"class_list":["post-320","page","type-page","status-publish","hentry"],"_links":{"self":[{"href":"https:\/\/back-to-power.de\/de\/wp-json\/wp\/v2\/pages\/320","targetHints":{"allow":["GET"]}}],"collection":[{"href":"https:\/\/back-to-power.de\/de\/wp-json\/wp\/v2\/pages"}],"about":[{"href":"https:\/\/back-to-power.de\/de\/wp-json\/wp\/v2\/types\/page"}],"author":[{"embeddable":true,"href":"https:\/\/back-to-power.de\/de\/wp-json\/wp\/v2\/users\/3"}],"replies":[{"embeddable":true,"href":"https:\/\/back-to-power.de\/de\/wp-json\/wp\/v2\/comments?post=320"}],"version-history":[{"count":11,"href":"https:\/\/back-to-power.de\/de\/wp-json\/wp\/v2\/pages\/320\/revisions"}],"predecessor-version":[{"id":497,"href":"https:\/\/back-to-power.de\/de\/wp-json\/wp\/v2\/pages\/320\/revisions\/497"}],"wp:attachment":[{"href":"https:\/\/back-to-power.de\/de\/wp-json\/wp\/v2\/media?parent=320"}],"curies":[{"name":"wp","href":"https:\/\/api.w.org\/{rel}","templated":true}]}}