{"id":47,"date":"2022-12-28T17:03:00","date_gmt":"2022-12-28T16:03:00","guid":{"rendered":"https:\/\/back-to-power.de\/de\/?page_id=47"},"modified":"2026-01-17T20:44:18","modified_gmt":"2026-01-17T19:44:18","slug":"access-bars","status":"publish","type":"page","link":"https:\/\/back-to-power.de\/de\/access-bars\/","title":{"rendered":"Access Bars<sup>\u00a9<\/sup>"},"content":{"rendered":"<section class=\"l-section wpb_row height_medium\"><div class=\"l-section-h i-cf\"><div class=\"g-cols vc_row via_grid cols_1 laptops-cols_inherit tablets-cols_inherit mobiles-cols_1 valign_top type_default stacking_default\"><div class=\"wpb_column vc_column_container\"><div class=\"vc_column-inner\"><h1 class=\"w-post-elm post_title entry-title color_link_inherit\">Access Bars<sup>\u00a9<\/sup><\/h1><div class=\"w-separator size_small\"><\/div><div class=\"g-cols wpb_row via_grid cols_2 laptops-cols_inherit tablets-cols_inherit mobiles-cols_1 valign_top type_default stacking_default\" style=\"--columns-gap:3rem;\"><div class=\"wpb_column vc_column_container\"><div class=\"vc_column-inner\"><\/div><\/div><div class=\"wpb_column vc_column_container\"><div class=\"vc_column-inner\"><\/div><\/div><\/div><div class=\"w-separator size_medium\"><\/div><div class=\"wpb_text_column\"><div class=\"wpb_wrapper\"><p><b>F\u00fchlst du dich oft von deinen Gedanken erdr\u00fcckt?<\/b><\/p>\n<p><b><\/b><b>Finde zur\u00fcck zu mehr Leichtigkeit!<\/b><b><\/b><\/p>\n<p>Manchmal f\u00fchlt sich dein Leben schwer an \u2013 voller Stress, Gr\u00fcbelei und endloser Gedanken, die dich sogar in depressive Verstimmungen f\u00fchren k\u00f6nnen. Doch es darf auch anders sein!<\/p>\n<p>Mit <b>Access Bars\u00ae<\/b> lade ich dich ein, eine einfache und wohltuende Methode kennenzulernen, die dir mehr Ruhe im Kopf, Entspannung im K\u00f6rper und neue Lebensfreude schenken kann. Durch sanfte Ber\u00fchrungen am Kopf darf dein Gedankenkarussell langsamer werden \u2013 und Leichtigkeit, Klarheit und Freude wieder Platz finden.<\/p>\n<p><b>Mehr innere Ruhe. Mehr Gelassenheit. Mehr du.<\/b><\/p>\n<p>Access Bars\u00ae hilft dir, Stress loszulassen und Leichtigkeit zur\u00fcck in dein Leben zu holen.<\/p>\n<p><b>Viele meiner Kunden berichten nach den Access Bars Sitzungen von positiven Ver\u00e4nderungen bei:<\/b><\/p>\n<ul>\n<li>Burnout, Stress &amp; Angstzust\u00e4nden<\/li>\n<li>Depressionen &amp; Migr\u00e4ne<\/li>\n<li>Gesundheit, Gewicht<span class=\"Apple-converted-space\">\u00a0<\/span><\/li>\n<li>ADHS<\/li>\n<li>Tremor<\/li>\n<li>Posttraumatischen Belastungsst\u00f6rungen (PTBS)<\/li>\n<li>Schlafst\u00f6rungen<\/li>\n<li>Partnerschaftsproblemen<\/li>\n<li>Pr\u00fcfungsangst<\/li>\n<li>verbesserte Konzentration und Leistungsf\u00e4higkeit<\/li>\n<\/ul>\n<p>Auch f\u00fcr dich ist Ver\u00e4nderung m\u00f6glich \u2013 bist du bereit, es dir leichter zu machen?<\/p>\n<p><strong>Trifft eine dieser Aussagen auf dich zu ?<span class=\"Apple-converted-space\">\u00a0<\/span><\/strong><\/p>\n<p>\u201eJa, ich will mehr Freude im Leben\u201c<\/p>\n<p>\u201eJa, ich m\u00f6chte meine \u00c4ngste loslassen\u201c<\/p>\n<p>\u201eJa, ich m\u00f6chte einfach wieder happy sein\u201c<\/p>\n<p>\u201eJa, ich m\u00f6chte, dass die qu\u00e4lenden Gedanken endlich aufh\u00f6ren\u201c<\/p>\n<p>\u201eEs ist Zeit f\u00fcr Ver\u00e4nderung\u201c<\/p>\n<p><strong>DANN BUCHE HEUTE NOCH EINEN TERMIN<\/strong><\/p>\n<p>&nbsp;<\/p>\n<h3><span style=\"font-family: inherit; font-size: 16px;\">Access Bars<\/span><sup style=\"font-family: inherit;\">\u00a9<\/sup><span style=\"font-family: inherit; font-size: 16px;\"> &amp; neurowissenschaftliche Untersuchungen<\/span><\/h3>\n<p><strong>Der amerikanische Neurowissenschaftler Dr. Jeffrey L. Fannin hat die Access Bars\u00ae bereits auf ihre Wirksamkeit hin untersucht.<\/strong><\/p>\n<p>Diese Videos sind Pr\u00e4sentationen des Wissenschaftler und zeigen eine \u00dcbersicht dessen, was vor, w\u00e4hrend und nach einer Access Bars-Sitzung im Gehirn vor sich geht.<\/p>\n<\/div><\/div><div class=\"w-separator size_small\"><\/div><div class=\"g-cols wpb_row via_grid cols_2 laptops-cols_inherit tablets-cols_inherit mobiles-cols_1 valign_top type_default stacking_default\" style=\"--columns-gap:3rem;\"><div class=\"wpb_column vc_column_container\"><div class=\"vc_column-inner\"><div class=\"wpb_text_column\"><div class=\"wpb_wrapper\"><div  id=\"_ytid_14310\"  width=\"1140\" height=\"641\"  data-origwidth=\"1140\" data-origheight=\"641\"  data-relstop=\"1\" data-facadesrc=\"https:\/\/www.youtube.com\/embed\/DgGbFRjqQPk?enablejsapi=1&origin=https:\/\/back-to-power.de&autoplay=0&cc_load_policy=0&cc_lang_pref=&iv_load_policy=1&loop=0&rel=0&fs=1&playsinline=0&autohide=2&theme=dark&color=red&controls=1&disablekb=0&\" class=\"__youtube_prefs__ epyt-facade __youtube_prefs_widget__  no-lazyload\" data-epautoplay=\"1\" ><img decoding=\"async\" data-spai-excluded=\"true\" class=\"epyt-facade-poster skip-lazy\" loading=\"lazy\"  alt=\"YouTube player\"  src=\"https:\/\/i.ytimg.com\/vi\/DgGbFRjqQPk\/maxresdefault.jpg\"  \/><button class=\"epyt-facade-play\" aria-label=\"Play\"><svg data-no-lazy=\"1\" height=\"100%\" version=\"1.1\" viewBox=\"0 0 68 48\" width=\"100%\"><path class=\"ytp-large-play-button-bg\" d=\"M66.52,7.74c-0.78-2.93-2.49-5.41-5.42-6.19C55.79,.13,34,0,34,0S12.21,.13,6.9,1.55 C3.97,2.33,2.27,4.81,1.48,7.74C0.06,13.05,0,24,0,24s0.06,10.95,1.48,16.26c0.78,2.93,2.49,5.41,5.42,6.19 C12.21,47.87,34,48,34,48s21.79-0.13,27.1-1.55c2.93-0.78,4.64-3.26,5.42-6.19C67.94,34.95,68,24,68,24S67.94,13.05,66.52,7.74z\" fill=\"#f00\"><\/path><path d=\"M 45,24 27,14 27,34\" fill=\"#fff\"><\/path><\/svg><\/button><\/div>\n<\/div><\/div><\/div><\/div><div class=\"wpb_column vc_column_container\"><div class=\"vc_column-inner\"><div class=\"wpb_text_column\"><div class=\"wpb_wrapper\"><div  id=\"_ytid_91685\"  width=\"1140\" height=\"641\"  data-origwidth=\"1140\" data-origheight=\"641\"  data-relstop=\"1\" data-facadesrc=\"https:\/\/www.youtube.com\/embed\/f7PGZftZQ8k?enablejsapi=1&origin=https:\/\/back-to-power.de&autoplay=0&cc_load_policy=0&cc_lang_pref=&iv_load_policy=1&loop=0&rel=0&fs=1&playsinline=0&autohide=2&theme=dark&color=red&controls=1&disablekb=0&\" class=\"__youtube_prefs__ epyt-facade __youtube_prefs_widget__  no-lazyload\" data-epautoplay=\"1\" ><img decoding=\"async\" data-spai-excluded=\"true\" class=\"epyt-facade-poster skip-lazy\" loading=\"lazy\"  alt=\"YouTube player\"  src=\"https:\/\/i.ytimg.com\/vi\/f7PGZftZQ8k\/maxresdefault.jpg\"  \/><button class=\"epyt-facade-play\" aria-label=\"Play\"><svg data-no-lazy=\"1\" height=\"100%\" version=\"1.1\" viewBox=\"0 0 68 48\" width=\"100%\"><path class=\"ytp-large-play-button-bg\" d=\"M66.52,7.74c-0.78-2.93-2.49-5.41-5.42-6.19C55.79,.13,34,0,34,0S12.21,.13,6.9,1.55 C3.97,2.33,2.27,4.81,1.48,7.74C0.06,13.05,0,24,0,24s0.06,10.95,1.48,16.26c0.78,2.93,2.49,5.41,5.42,6.19 C12.21,47.87,34,48,34,48s21.79-0.13,27.1-1.55c2.93-0.78,4.64-3.26,5.42-6.19C67.94,34.95,68,24,68,24S67.94,13.05,66.52,7.74z\" fill=\"#f00\"><\/path><path d=\"M 45,24 27,14 27,34\" fill=\"#fff\"><\/path><\/svg><\/button><\/div>\n<\/div><\/div><\/div><\/div><\/div><div class=\"w-separator size_large with_line width_default thick_1 style_solid color_border align_center\"><div class=\"w-separator-h\"><\/div><\/div><div class=\"wpb_text_column\"><div class=\"wpb_wrapper\"><h3>Preise<\/h3>\n<p>Eine Access Bars Session kostest 200,- \u20ac inkl. MwSt.<\/p>\n<p>Zahlungsm\u00f6glichkeiten: <span>bar, Bank\u00fcberweisung oder PayPal<\/span><\/p>\n<\/div><\/div><div class=\"w-separator size_medium\"><\/div><\/div><\/div><\/div><\/div><\/section>\n","protected":false},"excerpt":{"rendered":"Access Bars\u00a9F\u00fchlst du dich oft von deinen Gedanken erdr\u00fcckt? Finde zur\u00fcck zu mehr Leichtigkeit! Manchmal f\u00fchlt sich dein Leben schwer an \u2013 voller Stress, Gr\u00fcbelei und endloser Gedanken, die dich sogar in depressive Verstimmungen f\u00fchren k\u00f6nnen. Doch es darf auch anders sein! Mit Access Bars\u00ae lade ich dich ein, eine einfache und wohltuende Methode kennenzulernen,...","protected":false},"author":3,"featured_media":0,"parent":0,"menu_order":0,"comment_status":"closed","ping_status":"closed","template":"","meta":{"footnotes":""},"class_list":["post-47","page","type-page","status-publish","hentry"],"_links":{"self":[{"href":"https:\/\/back-to-power.de\/de\/wp-json\/wp\/v2\/pages\/47","targetHints":{"allow":["GET"]}}],"collection":[{"href":"https:\/\/back-to-power.de\/de\/wp-json\/wp\/v2\/pages"}],"about":[{"href":"https:\/\/back-to-power.de\/de\/wp-json\/wp\/v2\/types\/page"}],"author":[{"embeddable":true,"href":"https:\/\/back-to-power.de\/de\/wp-json\/wp\/v2\/users\/3"}],"replies":[{"embeddable":true,"href":"https:\/\/back-to-power.de\/de\/wp-json\/wp\/v2\/comments?post=47"}],"version-history":[{"count":29,"href":"https:\/\/back-to-power.de\/de\/wp-json\/wp\/v2\/pages\/47\/revisions"}],"predecessor-version":[{"id":745,"href":"https:\/\/back-to-power.de\/de\/wp-json\/wp\/v2\/pages\/47\/revisions\/745"}],"wp:attachment":[{"href":"https:\/\/back-to-power.de\/de\/wp-json\/wp\/v2\/media?parent=47"}],"curies":[{"name":"wp","href":"https:\/\/api.w.org\/{rel}","templated":true}]}}