{"id":51,"date":"2022-12-28T17:08:10","date_gmt":"2022-12-28T16:08:10","guid":{"rendered":"https:\/\/back-to-power.de\/de\/?page_id=51"},"modified":"2025-01-29T13:47:58","modified_gmt":"2025-01-29T12:47:58","slug":"access-energetic-facelift-energetisches-facelifting","status":"publish","type":"page","link":"https:\/\/back-to-power.de\/de\/access-energetic-facelift-energetisches-facelifting\/","title":{"rendered":"Access Energetic Facelift\u2122 &#8211; Energetisches Facelifting"},"content":{"rendered":"<section class=\"l-section wpb_row height_medium\"><div class=\"l-section-h i-cf\"><div class=\"g-cols vc_row via_grid cols_1 laptops-cols_inherit tablets-cols_inherit mobiles-cols_1 valign_top type_default stacking_default\"><div class=\"wpb_column vc_column_container\"><div class=\"vc_column-inner\"><h1 class=\"w-post-elm post_title entry-title color_link_inherit\">Access Energetic Facelift\u2122 &#8211; Energetisches Facelifting<\/h1><div class=\"w-image align_none\"><div class=\"w-image-h\"><img decoding=\"async\" width=\"1140\" height=\"641\" src=\"https:\/\/back-to-power.de\/de\/wp-content\/uploads\/facelift_67874308.jpg\" class=\"attachment-large size-large\" alt=\"Access Energetic Facelift\u2122 - Energetisches Facelifting\" loading=\"lazy\" srcset=\"https:\/\/back-to-power.de\/de\/wp-content\/uploads\/facelift_67874308.jpg 1170w, https:\/\/back-to-power.de\/de\/wp-content\/uploads\/facelift_67874308-1024x576.jpg 1024w\" sizes=\"auto, (max-width: 1140px) 100vw, 1140px\" \/><\/div><\/div><div class=\"w-separator size_small\"><\/div><div class=\"wpb_text_column\"><div class=\"wpb_wrapper\"><p>Der Access Consciousness\u00ae <strong>Access Energetic Facelift\u2122<\/strong> ist ein Handauflege K\u00f6rperprozess bei dem 28 verschiedenen energetische Prozesse kombiniert werden, die dazu designet sind, Gesicht, Dekoltee und K\u00f6rper zu straffen, zu festigen und zu verj\u00fcngen.<\/p>\n<p>Ein erstaunlicher Prozess, der Alterungserscheinungen auf dem Gesicht aufheben kann und eine \u00e4hnliche Wirkung auf den gesamten K\u00f6rper zeigt.<\/p>\n<p>Der Access Energetic Facelift\u2122 ist eine wunderbare M\u00f6glichkeit, das Erscheinungsbild des Gesichts im Gesicht zu verj\u00fcngen und r\u00fcckg\u00e4ngig zu machen, und erzeugt \u00e4hnliche Effekte im gesamten K\u00f6rper. Der Access Energetic Facelift\u2122 arbeitet mit der Energie, die Sie und Ihr K\u00f6rper durch sanfte, beruhigende Ber\u00fchrung von Gesicht und Hals erreichen k\u00f6nnen, und arbeitet mit den K\u00f6rperzellen Ihres K\u00f6rpers zusammen, um den K\u00f6rper wiederherzustellen, zu beleben und zu regenerieren.<\/p>\n<p>Der Access Energetic Facelift\u2122 wird professionell in Spas, Massagepraxen, Anti-Aging und Wellness-Zentren weltweit angeboten.<\/p>\n<p>Der Access Energetic Facelift\u2122 kann auch sehr effektiv in Kombination mit <strong>Access Bars\u00ae<\/strong> angewendet werden.<br \/>\nStellen Sie sich vor\u2026 Sie k\u00f6nnten j\u00fcnger aussehen und sich ohne Operationen, Spritzen, Cremes oder Pillen besser f\u00fchlen. Willkommen beim Access Facelift\u2122.<\/p>\n<p><strong>Das haben Klienten nach dieser Anwendung festgestellt:<\/strong><\/p>\n<ul>\n<li>Straffung der Falten und Gesichtslinien<\/li>\n<li>Straffung der Gesichtsmuskeln sowie der ganzen Haut<\/li>\n<li>Verbesserte Sehkraft<\/li>\n<li>Schnellerer Heilungsprozess von Narbengewebe<\/li>\n<li>Strahlendere, ges\u00fcndere Haut<\/li>\n<li>Wohlf\u00fchleffekt des ganzen K\u00f6rpers<\/li>\n<li>Stressabbau und Entspannung<\/li>\n<li>Verbesserung von Gesichtsakne<\/li>\n<\/ul>\n<p>Welcher Beitrag kann der Access Energetic Facelift\u00ae f\u00fcr Dich und Deinen K\u00f6rper sein?<\/p>\n<p><strong style=\"margin-top: 40px;\">Preise:<\/strong><br \/>\nca. 70 Minuten \u00e0 150,- \u20ac<br \/>\n10 Behandlungen : 1300,- \u20ac<\/p>\n<p>Alle Preise inkl. MwSt.<\/p>\n<p>Zahlungsm\u00f6glichkeiten: <span style=\"white-space: nowrap;\">bar, Bank\u00fcberweisung oder PayPal<\/span><\/p>\n<\/div><\/div><\/div><\/div><\/div><\/div><\/section>\n","protected":false},"excerpt":{"rendered":"Access Energetic Facelift\u2122 &#8211; Energetisches FaceliftingDer Access Consciousness\u00ae Access Energetic Facelift\u2122 ist ein Handauflege K\u00f6rperprozess bei dem 28 verschiedenen energetische Prozesse kombiniert werden, die dazu designet sind, Gesicht, Dekoltee und K\u00f6rper zu straffen, zu festigen und zu verj\u00fcngen. Ein erstaunlicher Prozess, der Alterungserscheinungen auf dem Gesicht aufheben kann und eine \u00e4hnliche Wirkung auf den gesamten...","protected":false},"author":2,"featured_media":0,"parent":0,"menu_order":0,"comment_status":"closed","ping_status":"closed","template":"","meta":{"footnotes":""},"class_list":["post-51","page","type-page","status-publish","hentry"],"_links":{"self":[{"href":"https:\/\/back-to-power.de\/de\/wp-json\/wp\/v2\/pages\/51","targetHints":{"allow":["GET"]}}],"collection":[{"href":"https:\/\/back-to-power.de\/de\/wp-json\/wp\/v2\/pages"}],"about":[{"href":"https:\/\/back-to-power.de\/de\/wp-json\/wp\/v2\/types\/page"}],"author":[{"embeddable":true,"href":"https:\/\/back-to-power.de\/de\/wp-json\/wp\/v2\/users\/2"}],"replies":[{"embeddable":true,"href":"https:\/\/back-to-power.de\/de\/wp-json\/wp\/v2\/comments?post=51"}],"version-history":[{"count":9,"href":"https:\/\/back-to-power.de\/de\/wp-json\/wp\/v2\/pages\/51\/revisions"}],"predecessor-version":[{"id":680,"href":"https:\/\/back-to-power.de\/de\/wp-json\/wp\/v2\/pages\/51\/revisions\/680"}],"wp:attachment":[{"href":"https:\/\/back-to-power.de\/de\/wp-json\/wp\/v2\/media?parent=51"}],"curies":[{"name":"wp","href":"https:\/\/api.w.org\/{rel}","templated":true}]}}