{"id":58,"date":"2022-12-28T17:12:44","date_gmt":"2022-12-28T16:12:44","guid":{"rendered":"https:\/\/back-to-power.de\/de\/?page_id=58"},"modified":"2025-01-29T13:32:19","modified_gmt":"2025-01-29T12:32:19","slug":"esse-arbeiten-am-faszien-gewebe","status":"publish","type":"page","link":"https:\/\/back-to-power.de\/de\/esse-arbeiten-am-faszien-gewebe\/","title":{"rendered":"ESSE\u2122 Arbeiten am Faszien-Gewebe"},"content":{"rendered":"<section class=\"l-section wpb_row height_medium\"><div class=\"l-section-h i-cf\"><div class=\"g-cols vc_row via_grid cols_1 laptops-cols_inherit tablets-cols_inherit mobiles-cols_1 valign_top type_default stacking_default\"><div class=\"wpb_column vc_column_container\"><div class=\"vc_column-inner\"><h1 class=\"w-post-elm post_title entry-title color_link_inherit\">ESSE\u2122 Arbeiten am Faszien-Gewebe<\/h1><div class=\"w-image align_none\"><div class=\"w-image-h\"><img decoding=\"async\" width=\"1140\" height=\"641\" src=\"https:\/\/back-to-power.de\/de\/wp-content\/uploads\/ESSE_243227221.jpg\" class=\"attachment-large size-large\" alt=\"Manuelle Faszientherapie, Faszienmassage energetische Faszienbehandlung\" loading=\"lazy\" srcset=\"https:\/\/back-to-power.de\/de\/wp-content\/uploads\/ESSE_243227221.jpg 1170w, https:\/\/back-to-power.de\/de\/wp-content\/uploads\/ESSE_243227221-1024x576.jpg 1024w\" sizes=\"auto, (max-width: 1140px) 100vw, 1140px\" \/><\/div><\/div><div class=\"w-separator size_small\"><\/div><div class=\"wpb_text_column\"><div class=\"wpb_wrapper\"><p><strong>Energetische Synthese der strukturellen Verk\u00f6rperung (ESSE\u2122)<\/strong> ist eine einzigartige K\u00f6rperarbeit von Access Consciousness\u2122.<\/p>\n<p>Hier werden praktischen Handtechniken kombiniert, die auf das Faszien Gewebe und die Energiesysteme im gesamten K\u00f6rperbereich abzielen.<\/p>\n<p>ESSE ist also eine tiefe Faszien Arbeit kombiniert aus manuellen Handtechniken und Energiearbeit.<\/p>\n<p><strong>GEEIGNET F\u00dcR MENSCH UND TIER!<\/strong><\/p>\n<p>ESSE wurde entwickelt, um \u00c4nderungen in der Struktur und Form des K\u00f6rpers zu bewirken, was zu einer Vereinfachung der Bewegung, der Funktion und der energetischen K\u00f6rpersysteme f\u00fchrt. Wissenschaftliche Forschung zeigt, dass das Fasziensystem auf eine Frage antwortet. Die Tools von Access Consciousness\u2122 laden Sie ein, in allen Aspekten Ihres Lebens und Ihres K\u00f6rpers in der Frage zu sein.<\/p>\n<p>Das gesamte Fasziengewebe des K\u00f6rpers von der Zellebene bis hin zum gr\u00f6\u00dferen K\u00f6rpersystem kann durch diese manuelle und energetische Methode beeinflusst werden.<\/p>\n<p>Kann sowohl bei k\u00f6rperlichen Beschwerden als auch zur reinen Entspannung angewandt werden.<\/p>\n<p>Die FASZIEN ANWENDUNG ist ausgerichtet auf:<\/p>\n<ul class=\"dot\">\n<li>Aktivierung der Selbstheilung aller Organe und K\u00f6rperfunktionen<\/li>\n<li>st\u00e4rkere Leistungsf\u00e4higkeit &amp; Ausdauer, insbesondere beim Sport<\/li>\n<li>Aufl\u00f6sung im K\u00f6rper eingeschlossener Schmerzen &amp; Traumata durch St\u00fcrze, Unf\u00e4lle, Operationen usw.<\/li>\n<li>Im K\u00f6rper eingeschlossene Blockaden<\/li>\n<li>Bewegungseinschr\u00e4nkungen<\/li>\n<\/ul>\n<p><strong style=\"margin-top: 40px;\">Preise:<\/strong><br \/>\nEine Einzelsitzung dauert ca. 60 &#8211; 75 Minuten.<\/p>\n<p>Preis: 130,- \u20ac<\/p>\n<p>Alle Preise inkl. MwSt.<\/p>\n<p>Zahlungsm\u00f6glichkeiten: <span style=\"white-space: nowrap;\">bar, Bank\u00fcberweisung oder PayPal<\/span><\/p>\n<\/div><\/div><\/div><\/div><\/div><\/div><\/section>\n","protected":false},"excerpt":{"rendered":"ESSE\u2122 Arbeiten am Faszien-GewebeEnergetische Synthese der strukturellen Verk\u00f6rperung (ESSE\u2122) ist eine einzigartige K\u00f6rperarbeit von Access Consciousness\u2122. Hier werden praktischen Handtechniken kombiniert, die auf das Faszien Gewebe und die Energiesysteme im gesamten K\u00f6rperbereich abzielen. ESSE ist also eine tiefe Faszien Arbeit kombiniert aus manuellen Handtechniken und Energiearbeit. GEEIGNET F\u00dcR MENSCH UND TIER! ESSE wurde entwickelt, um...","protected":false},"author":3,"featured_media":0,"parent":0,"menu_order":0,"comment_status":"closed","ping_status":"closed","template":"","meta":{"footnotes":""},"class_list":["post-58","page","type-page","status-publish","hentry"],"_links":{"self":[{"href":"https:\/\/back-to-power.de\/de\/wp-json\/wp\/v2\/pages\/58","targetHints":{"allow":["GET"]}}],"collection":[{"href":"https:\/\/back-to-power.de\/de\/wp-json\/wp\/v2\/pages"}],"about":[{"href":"https:\/\/back-to-power.de\/de\/wp-json\/wp\/v2\/types\/page"}],"author":[{"embeddable":true,"href":"https:\/\/back-to-power.de\/de\/wp-json\/wp\/v2\/users\/3"}],"replies":[{"embeddable":true,"href":"https:\/\/back-to-power.de\/de\/wp-json\/wp\/v2\/comments?post=58"}],"version-history":[{"count":7,"href":"https:\/\/back-to-power.de\/de\/wp-json\/wp\/v2\/pages\/58\/revisions"}],"predecessor-version":[{"id":673,"href":"https:\/\/back-to-power.de\/de\/wp-json\/wp\/v2\/pages\/58\/revisions\/673"}],"wp:attachment":[{"href":"https:\/\/back-to-power.de\/de\/wp-json\/wp\/v2\/media?parent=58"}],"curies":[{"name":"wp","href":"https:\/\/api.w.org\/{rel}","templated":true}]}}