{"id":589,"date":"2024-08-22T14:57:03","date_gmt":"2024-08-22T12:57:03","guid":{"rendered":"https:\/\/back-to-power.de\/de\/?page_id=589"},"modified":"2024-08-22T14:58:58","modified_gmt":"2024-08-22T12:58:58","slug":"angstzustaende-behandeln","status":"publish","type":"page","link":"https:\/\/back-to-power.de\/de\/angstzustaende-behandeln\/","title":{"rendered":"Angstzust\u00e4nde behandeln"},"content":{"rendered":"<section class=\"l-section wpb_row height_medium\"><div class=\"l-section-h i-cf\"><div class=\"g-cols vc_row via_grid cols_1 laptops-cols_inherit tablets-cols_inherit mobiles-cols_1 valign_top type_default stacking_default\"><div class=\"wpb_column vc_column_container\"><div class=\"vc_column-inner\"><h1 class=\"w-post-elm post_title entry-title color_link_inherit\">Angstzust\u00e4nde behandeln<\/h1><div class=\"w-image has_ratio align_left\"><div class=\"w-image-h\"><div style=\"padding-bottom:42.8571%\"><\/div><img decoding=\"async\" width=\"1140\" height=\"760\" src=\"https:\/\/back-to-power.de\/de\/wp-content\/uploads\/angstzustaende-behandeln-monheimer-fotograf-de.webp\" class=\"attachment-large size-large\" alt=\"\" loading=\"lazy\" \/><\/div><\/div><div class=\"w-text us_custom_03fdc2b2 has_text_color\"><span class=\"w-text-h\"><span class=\"w-text-value\">Foto von Monheimer-Fotograf.de<\/span><\/span><\/div><div class=\"w-separator size_small\"><\/div><div class=\"wpb_text_column\"><div class=\"wpb_wrapper\"><h3><strong>Informationstext \u00fcber Angstzust\u00e4nde<\/strong><\/h3>\n<p>Angstzust\u00e4nde geh\u00f6ren zu den h\u00e4ufigsten psychischen Belastungen, die viele Menschen in ihrem Leben erfahren. Angst ist eigentlich eine nat\u00fcrliche Reaktion des K\u00f6rpers auf bedrohliche Situationen \u2013 sie bereitet uns darauf vor, zu k\u00e4mpfen oder zu fliehen. Doch wenn diese Angst \u00fcberm\u00e4\u00dfig stark wird oder in Situationen auftritt, in denen keine reale Bedrohung besteht, spricht man von Angstzust\u00e4nden.<\/p>\n<h3><strong>Was sind Angstzust\u00e4<\/strong><strong>nde?<\/strong><\/h3>\n<p>Angstzust\u00e4nde \u00e4u\u00dfern sich in starken, anhaltenden Sorgen oder \u00c4ngsten, die das t\u00e4gliche Leben beeintr\u00e4chtigen k\u00f6nnen. Betroffene erleben oft k\u00f6rperliche Symptome wie Herzrasen, Zittern, Schwitzen oder Atemnot. Solche Zust\u00e4nde k\u00f6nnen zu Panikattacken f\u00fchren, bei denen die Angst so \u00fcberw\u00e4ltigend wird, dass sie das Gef\u00fchl haben, die Kontrolle zu verlieren oder gar zu sterben.<\/p>\n<p>Es gibt verschiedene Arten von Angstst\u00f6rungen:<\/p>\n<ul>\n<li><strong>Generalisierte Angstst<\/strong><strong>\u00f6<\/strong><strong>rung (GAS)<\/strong>: Hierbei handelt es sich um st\u00e4ndige und \u00fcberm\u00e4\u00dfige Sorgen \u00fcber allt\u00e4gliche Dinge, wie Finanzen, Arbeit oder die Gesundheit.<\/li>\n<li><strong>Panikst<\/strong><strong>\u00f6<\/strong><strong>rung<\/strong>: Diese ist durch pl\u00f6tzliche, intensive Angstepisoden gekennzeichnet, die ohne erkennbaren Grund auftreten.<\/li>\n<li><strong>Soziale Angstst<\/strong><strong>\u00f6<\/strong><strong>rung<\/strong>: Menschen mit dieser St\u00f6rung f\u00fcrchten sich vor sozialen Situationen, da sie bef\u00fcrchten, negativ bewertet oder blo\u00dfgestellt zu werden.<\/li>\n<\/ul>\n<p><strong>\u00a0<\/strong><\/p>\n<h3><strong>Ursachen von Angstzust\u00e4nden<\/strong><\/h3>\n<p>Die Ursachen von Angstzust\u00e4nden sind vielf\u00e4ltig und beinhalten genetische Veranlagungen, biochemische Ungleichgewichte im Gehirn und belastende Lebensereignisse. Oft spielen auch chronischer Stress, Traumata oder famili\u00e4re Hintergr\u00fcnde eine Rolle. In manchen F\u00e4llen k\u00f6nnen k\u00f6rperliche Erkrankungen wie Herz-Kreislauf-Probleme oder eine Schilddr\u00fcsen\u00fcberfunktion die Angstzust\u00e4nde verst\u00e4rken.<\/p>\n<h3><strong>Behandlungsm<\/strong><strong>\u00f6<\/strong><strong>glichkeiten von Angstzust\u00e4nden<\/strong><\/h3>\n<p>Es gibt viele Wege, mit Angstzust\u00e4nden umzugehen und diese zu behandeln. H\u00e4ufig werden kognitive Verhaltenstherapien (KVT) eingesetzt, um den Betroffenen zu helfen, ihre Gedankenmuster zu \u00e4ndern und gesunde Bew\u00e4ltigungsstrategien zu entwickeln. In schweren F\u00e4llen k\u00f6nnen auch Medikamente, wie Antidepressiva oder Beruhigungsmittel, zum Einsatz kommen. Dar\u00fcber hinaus k\u00f6nnen Entspannungstechniken wie Meditation, Atem\u00fcbungen und regelm\u00e4\u00dfige k\u00f6rperliche Aktivit\u00e4t die Symptome lindern.<\/p>\n<p>Manche Menschen finden auch in alternativen Methoden wie der Akupunktur, Hypnose oder der Anwendung von <strong>Access Bars\u00ae<\/strong> Erleichterung.<\/p>\n<p><strong>\u00a0<\/strong><\/p>\n<h3><strong> <img loading=\"lazy\" decoding=\"async\" class=\" wp-image-484 alignright\" src=\"https:\/\/back-to-power.de\/de\/wp-content\/uploads\/IMG_4003-e1688546964660-552x552.jpg\" alt=\"Patricia Pawlar - Back to Basic - Access Bars\" width=\"283\" height=\"283\" srcset=\"https:\/\/back-to-power.de\/de\/wp-content\/uploads\/IMG_4003-e1688546964660-552x552.jpg 552w, https:\/\/back-to-power.de\/de\/wp-content\/uploads\/IMG_4003-e1688546964660-1024x1024.jpg 1024w, https:\/\/back-to-power.de\/de\/wp-content\/uploads\/IMG_4003-e1688546964660.jpg 1435w\" sizes=\"auto, (max-width: 283px) 100vw, 283px\" \/><\/strong><strong>Pers<\/strong><strong>\u00f6<\/strong><strong>nlicher Erfahrungsbericht<\/strong><\/h3>\n<p>Wie ich schon im Depressions-Text erw\u00e4hnt habe, hatte ich eine Zeit, in der es mir schlecht ging. Ich f\u00fchlte mich allein, allein das Leben stemmen zu m\u00fcssen, was nicht selten zu Angstzust\u00e4nden f\u00fchrte. Diese Phasen der Angst haben mich stark belastet und es schien, als w\u00e4re kein Ausweg in Sicht. Doch durch <strong>Access Bars\u00ae<\/strong> bin ich heute frei von Angstzust\u00e4nden. Diese Methode hat mir geholfen, tief sitzende \u00c4ngste loszulassen und wieder Leichtigkeit und Frieden in meinem Leben zu erfahren.<\/p>\n<p>Angstzust\u00e4nde k\u00f6nnen \u00fcberw\u00e4ltigend sein, aber es gibt viele M\u00f6glichkeiten, die eigene mentale Gesundheit zu st\u00e4rken und sich von diesen Belastungen zu befreien.<\/p>\n<\/div><\/div><\/div><\/div><\/div><\/div><\/section>\n","protected":false},"excerpt":{"rendered":"Angstzust\u00e4nde behandelnFoto von Monheimer-Fotograf.deInformationstext \u00fcber Angstzust\u00e4nde Angstzust\u00e4nde geh\u00f6ren zu den h\u00e4ufigsten psychischen Belastungen, die viele Menschen in ihrem Leben erfahren. Angst ist eigentlich eine nat\u00fcrliche Reaktion des K\u00f6rpers auf bedrohliche Situationen \u2013 sie bereitet uns darauf vor, zu k\u00e4mpfen oder zu fliehen. Doch wenn diese Angst \u00fcberm\u00e4\u00dfig stark wird oder in Situationen auftritt, in denen...","protected":false},"author":4,"featured_media":0,"parent":0,"menu_order":0,"comment_status":"closed","ping_status":"closed","template":"","meta":{"footnotes":""},"class_list":["post-589","page","type-page","status-publish","hentry"],"_links":{"self":[{"href":"https:\/\/back-to-power.de\/de\/wp-json\/wp\/v2\/pages\/589","targetHints":{"allow":["GET"]}}],"collection":[{"href":"https:\/\/back-to-power.de\/de\/wp-json\/wp\/v2\/pages"}],"about":[{"href":"https:\/\/back-to-power.de\/de\/wp-json\/wp\/v2\/types\/page"}],"author":[{"embeddable":true,"href":"https:\/\/back-to-power.de\/de\/wp-json\/wp\/v2\/users\/4"}],"replies":[{"embeddable":true,"href":"https:\/\/back-to-power.de\/de\/wp-json\/wp\/v2\/comments?post=589"}],"version-history":[{"count":3,"href":"https:\/\/back-to-power.de\/de\/wp-json\/wp\/v2\/pages\/589\/revisions"}],"predecessor-version":[{"id":595,"href":"https:\/\/back-to-power.de\/de\/wp-json\/wp\/v2\/pages\/589\/revisions\/595"}],"wp:attachment":[{"href":"https:\/\/back-to-power.de\/de\/wp-json\/wp\/v2\/media?parent=589"}],"curies":[{"name":"wp","href":"https:\/\/api.w.org\/{rel}","templated":true}]}}