{"id":610,"date":"2024-09-06T13:24:39","date_gmt":"2024-09-06T11:24:39","guid":{"rendered":"https:\/\/back-to-power.de\/de\/?page_id=610"},"modified":"2026-01-17T20:48:36","modified_gmt":"2026-01-17T19:48:36","slug":"preise","status":"publish","type":"page","link":"https:\/\/back-to-power.de\/de\/preise\/","title":{"rendered":"Preise"},"content":{"rendered":"<section class=\"l-section wpb_row height_medium\"><div class=\"l-section-h i-cf\"><div class=\"g-cols vc_row via_grid cols_1 laptops-cols_inherit tablets-cols_inherit mobiles-cols_1 valign_top type_default stacking_default\"><div class=\"wpb_column vc_column_container\"><div class=\"vc_column-inner\"><h1 class=\"w-post-elm post_title entry-title color_link_inherit\">Preise<\/h1><div class=\"wpb_text_column\"><div class=\"wpb_wrapper\"><h3>F\u00fcr unterst\u00fctzende Behandlungen (Preise f\u00fcr die Kurse finden sie <a href=\"https:\/\/back-to-power.de\/de\/access-bars-und-facelift-kurse\/\">\u2192 hier<\/a>).<\/h3>\n<\/div><\/div><div class=\"w-separator size_large\"><\/div><div class=\"wpb_text_column\"><div class=\"wpb_wrapper\"><h2>Access Consciousness\u00ae<\/h2>\n<h4>Access ESSE<\/h4>\n<p>130 \u20ac<br \/>\n1100 \u20ac\u00a0 (10er-Paket)<\/p>\n<h4>Access Bars\u00ae Session<\/h4>\n<p>200 \u20ac<br \/>\n1700 \u20ac\u00a0 (10er-Paket)<\/p>\n<h4>Access K\u00f6rperprozess<\/h4>\n<p>140 \u20ac<br \/>\n1200 \u20ac\u00a0 (10er-Paket)<\/p>\n<h4>Symphonie der M\u00f6glichkeiten (SOP)<\/h4>\n<p>250 \u20ac<br \/>\n2000 \u20ac\u00a0 (10er-Paket)<\/p>\n<h4>Access Energetic Facelift\u2122<\/h4>\n<p>150 \u20ac<br \/>\n1300 \u20ac\u00a0 (10er-Paket)<\/p>\n<h4>Access Bars\u00ae Kurs<\/h4>\n<p>380 \u20ac<br \/>\n190 \u20ac (Wiederholer)<\/p>\n<\/div><\/div><div class=\"w-separator size_medium\"><\/div><div class=\"wpb_text_column\"><div class=\"wpb_wrapper\"><h2>Schamanische Arbeiten<\/h2>\n<h4>Seelenteil R\u00fcckholung<\/h4>\n<p>333 \u20ac<\/p>\n<h4>Tierkommunikation<\/h4>\n<p>88 \u20ac<\/p>\n<h4>Beratungsreise<\/h4>\n<p>111 \u20ac<\/p>\n<\/div><\/div><\/div><\/div><\/div><\/div><\/section>\n","protected":false},"excerpt":{"rendered":"PreiseF\u00fcr unterst\u00fctzende Behandlungen (Preise f\u00fcr die Kurse finden sie \u2192 hier). Access Consciousness\u00ae Access ESSE 130 \u20ac 1100 \u20ac\u00a0 (10er-Paket) Access Bars\u00ae Session 200 \u20ac 1700 \u20ac\u00a0 (10er-Paket) Access K\u00f6rperprozess 140 \u20ac 1200 \u20ac\u00a0 (10er-Paket) Symphonie der M\u00f6glichkeiten (SOP) 250 \u20ac 2000 \u20ac\u00a0 (10er-Paket) Access Energetic Facelift\u2122 150 \u20ac 1300 \u20ac\u00a0 (10er-Paket) Access Bars\u00ae Kurs...","protected":false},"author":4,"featured_media":0,"parent":0,"menu_order":0,"comment_status":"closed","ping_status":"closed","template":"","meta":{"footnotes":""},"class_list":["post-610","page","type-page","status-publish","hentry"],"_links":{"self":[{"href":"https:\/\/back-to-power.de\/de\/wp-json\/wp\/v2\/pages\/610","targetHints":{"allow":["GET"]}}],"collection":[{"href":"https:\/\/back-to-power.de\/de\/wp-json\/wp\/v2\/pages"}],"about":[{"href":"https:\/\/back-to-power.de\/de\/wp-json\/wp\/v2\/types\/page"}],"author":[{"embeddable":true,"href":"https:\/\/back-to-power.de\/de\/wp-json\/wp\/v2\/users\/4"}],"replies":[{"embeddable":true,"href":"https:\/\/back-to-power.de\/de\/wp-json\/wp\/v2\/comments?post=610"}],"version-history":[{"count":15,"href":"https:\/\/back-to-power.de\/de\/wp-json\/wp\/v2\/pages\/610\/revisions"}],"predecessor-version":[{"id":746,"href":"https:\/\/back-to-power.de\/de\/wp-json\/wp\/v2\/pages\/610\/revisions\/746"}],"wp:attachment":[{"href":"https:\/\/back-to-power.de\/de\/wp-json\/wp\/v2\/media?parent=610"}],"curies":[{"name":"wp","href":"https:\/\/api.w.org\/{rel}","templated":true}]}}