{"id":615,"date":"2024-09-09T17:40:43","date_gmt":"2024-09-09T15:40:43","guid":{"rendered":"https:\/\/back-to-power.de\/de\/?page_id=615"},"modified":"2024-09-09T18:04:17","modified_gmt":"2024-09-09T16:04:17","slug":"seelenteil-rueckholung","status":"publish","type":"page","link":"https:\/\/back-to-power.de\/de\/seelenteil-rueckholung\/","title":{"rendered":"Seelenteil-R\u00fcckholung"},"content":{"rendered":"<section class=\"l-section wpb_row height_medium\"><div class=\"l-section-h i-cf\"><div class=\"g-cols vc_row via_grid cols_1 laptops-cols_inherit tablets-cols_inherit mobiles-cols_1 valign_top type_default stacking_default\"><div class=\"wpb_column vc_column_container\"><div class=\"vc_column-inner\"><h1 class=\"w-post-elm post_title entry-title color_link_inherit\">Seelenteil-R\u00fcckholung<\/h1><div class=\"w-image align_left\"><div class=\"w-image-h\"><img decoding=\"async\" width=\"1140\" height=\"641\" src=\"https:\/\/back-to-power.de\/de\/wp-content\/uploads\/Seelenteil-Rueckholung-monheimer-fotograf-de.webp\" class=\"attachment-large size-large\" alt=\"\" loading=\"lazy\" srcset=\"https:\/\/back-to-power.de\/de\/wp-content\/uploads\/Seelenteil-Rueckholung-monheimer-fotograf-de.webp 1600w, https:\/\/back-to-power.de\/de\/wp-content\/uploads\/Seelenteil-Rueckholung-monheimer-fotograf-de-1024x576.webp 1024w\" sizes=\"auto, (max-width: 1140px) 100vw, 1140px\" \/><\/div><\/div><div class=\"w-text us_custom_03fdc2b2 has_text_color\"><span class=\"w-text-h\"><span class=\"w-text-value\">Foto von Monheimer-Fotograf.de<\/span><\/span><\/div><div class=\"w-separator size_small\"><\/div><div class=\"wpb_text_column\"><div class=\"wpb_wrapper\"><h3><b>Seelenteil-R\u00fcckholung<\/b><\/h3>\n<p><span style=\"font-weight: 400;\">Die <\/span><b>Schamanische Seelenteil-R\u00fcckholung<\/b><span style=\"font-weight: 400;\"> ist ein schamanisches Heilritual, das darauf abzielt, verlorene oder abgespaltene Seelenanteile wieder in das energetische System eines Menschen zu integrieren. In vielen traditionellen Kulturen wird geglaubt, dass Menschen durch traumatische Erlebnisse, emotionale Schocks oder anhaltenden Stress Teile ihrer Seele verlieren k\u00f6nnen. Diese Seelenanteile ziehen sich zur\u00fcck, um die Person vor weiterem Schmerz zu sch\u00fctzen, was jedoch oft zu Gef\u00fchlen von Leere, Entfremdung, Depression oder Energiemangel f\u00fchrt.<\/span><\/p>\n<h4><b>Ablauf der Seelenteil-R\u00fcckholung<\/b><span style=\"font-weight: 400;\">:<\/span><\/h4>\n<ol>\n<li style=\"font-weight: 400;\" aria-level=\"1\"><b>Schamanische Reise<\/b><span style=\"font-weight: 400;\">: Ein Schamane oder eine schamanische Praktizierende begibt sich in einem ver\u00e4nderten Bewusstseinszustand, oft durch Trommeln oder Ges\u00e4nge, auf eine Reise in die spirituelle Welt. Dort sucht sie gezielt nach den verlorenen Seelenanteilen der Person. <\/span><b>Ich verwende weder Ges\u00e4nge noch Trommeln<\/b><span style=\"font-weight: 400;\">, sondern h\u00f6re die Trommeln, ganz modern per Kopfh\u00f6rer.\u00a0<\/span><\/li>\n<li style=\"font-weight: 400;\" aria-level=\"1\"><b>Auffinden und R\u00fcckholen<\/b><span style=\"font-weight: 400;\">: Wenn der Schamane den verlorenen Seelenteil findet, wird er zur\u00fcckgeholt und in das energetische Feld der betroffenen Person \u201eeingeladen\u201c oder \u201ezur\u00fcckgebracht\u201c.<\/span><\/li>\n<li style=\"font-weight: 400;\" aria-level=\"1\"><b>Integration<\/b><span style=\"font-weight: 400;\">: Die R\u00fcckkehr der Seelenteile ist nur der erste Schritt, die zur\u00fcckgekehrten Seelenanteile werden nun wieder in den K\u00f6rper integriert.\u00a0<\/span><\/li>\n<\/ol>\n<h4><b>Ziele und Wirkung<\/b><span style=\"font-weight: 400;\">:\u00a0<\/span><\/h4>\n<p><span style=\"font-weight: 400;\">Die Seelenteil-R\u00fcckholung soll dem Menschen helfen, sich wieder vollst\u00e4ndig und energetisch ausgeglichen zu f\u00fchlen. Durch das Zur\u00fcckholen verlorener Anteile k\u00f6nnen Gef\u00fchle von Ganzheit, Lebendigkeit und innerem Frieden gef\u00f6rdert werden. Au\u00dferdem kann es helfen, alte Traumata zu verarbeiten und neue Lebensenergie zu gewinnen.<\/span><\/p>\n<h4><b>Durchf\u00fchrung nur in Anwesenheit<\/b><span style=\"font-weight: 400;\">:\u00a0<\/span><\/h4>\n<p><span style=\"font-weight: 400;\">Dieses Ritual wird <\/span><b>nur in pers\u00f6nlicher Anwesenheit<\/b><span style=\"font-weight: 400;\"> der betroffenen Person und nicht \u00fcber die Ferne durchgef\u00fchrt.<\/span><\/p>\n<p><span style=\"font-weight: 400;\">Es ist wichtig, dass dieses Ritual von einer erfahrenen Person durchgef\u00fchrt wird, da es tiefe emotionale und spirituelle Prozesse ausl\u00f6sen kann.<\/span><\/p>\n<p><b>Die Seelenteil-R\u00fcckholung durch mich ersetzt weder den Arzt noch den Heilpraktiker!<\/b><\/p>\n<h4><\/h4>\n<\/div><\/div><\/div><\/div><\/div><\/div><\/section>\n","protected":false},"excerpt":{"rendered":"Seelenteil-R\u00fcckholungFoto von Monheimer-Fotograf.deSeelenteil-R\u00fcckholung Die Schamanische Seelenteil-R\u00fcckholung ist ein schamanisches Heilritual, das darauf abzielt, verlorene oder abgespaltene Seelenanteile wieder in das energetische System eines Menschen zu integrieren. In vielen traditionellen Kulturen wird geglaubt, dass Menschen durch traumatische Erlebnisse, emotionale Schocks oder anhaltenden Stress Teile ihrer Seele verlieren k\u00f6nnen. Diese Seelenanteile ziehen sich zur\u00fcck, um die Person...","protected":false},"author":4,"featured_media":0,"parent":0,"menu_order":0,"comment_status":"closed","ping_status":"closed","template":"","meta":{"footnotes":""},"class_list":["post-615","page","type-page","status-publish","hentry"],"_links":{"self":[{"href":"https:\/\/back-to-power.de\/de\/wp-json\/wp\/v2\/pages\/615","targetHints":{"allow":["GET"]}}],"collection":[{"href":"https:\/\/back-to-power.de\/de\/wp-json\/wp\/v2\/pages"}],"about":[{"href":"https:\/\/back-to-power.de\/de\/wp-json\/wp\/v2\/types\/page"}],"author":[{"embeddable":true,"href":"https:\/\/back-to-power.de\/de\/wp-json\/wp\/v2\/users\/4"}],"replies":[{"embeddable":true,"href":"https:\/\/back-to-power.de\/de\/wp-json\/wp\/v2\/comments?post=615"}],"version-history":[{"count":1,"href":"https:\/\/back-to-power.de\/de\/wp-json\/wp\/v2\/pages\/615\/revisions"}],"predecessor-version":[{"id":617,"href":"https:\/\/back-to-power.de\/de\/wp-json\/wp\/v2\/pages\/615\/revisions\/617"}],"wp:attachment":[{"href":"https:\/\/back-to-power.de\/de\/wp-json\/wp\/v2\/media?parent=615"}],"curies":[{"name":"wp","href":"https:\/\/api.w.org\/{rel}","templated":true}]}}