{"id":618,"date":"2024-09-09T17:44:15","date_gmt":"2024-09-09T15:44:15","guid":{"rendered":"https:\/\/back-to-power.de\/de\/?page_id=618"},"modified":"2025-01-29T13:38:42","modified_gmt":"2025-01-29T12:38:42","slug":"access-consciousness-koerperprozesse","status":"publish","type":"page","link":"https:\/\/back-to-power.de\/de\/access-consciousness-koerperprozesse\/","title":{"rendered":"Access Consciousness K\u00f6rperprozesse"},"content":{"rendered":"<section class=\"l-section wpb_row height_medium\"><div class=\"l-section-h i-cf\"><div class=\"g-cols vc_row via_grid cols_1 laptops-cols_inherit tablets-cols_inherit mobiles-cols_1 valign_top type_default stacking_default\"><div class=\"wpb_column vc_column_container\"><div class=\"vc_column-inner\"><h1 class=\"w-post-elm post_title entry-title color_link_inherit\">Access Consciousness K\u00f6rperprozesse<\/h1><div class=\"w-image align_left\"><div class=\"w-image-h\"><img decoding=\"async\" width=\"1140\" height=\"641\" src=\"https:\/\/back-to-power.de\/de\/wp-content\/uploads\/web-011.webp\" class=\"attachment-large size-large\" alt=\"\" loading=\"lazy\" srcset=\"https:\/\/back-to-power.de\/de\/wp-content\/uploads\/web-011.webp 1600w, https:\/\/back-to-power.de\/de\/wp-content\/uploads\/web-011-1024x576.webp 1024w\" sizes=\"auto, (max-width: 1140px) 100vw, 1140px\" \/><\/div><\/div><div class=\"w-text us_custom_03fdc2b2 has_text_color\"><span class=\"w-text-h\"><span class=\"w-text-value\">Foto von Monheimer-Fotograf.de<\/span><\/span><\/div><div class=\"w-separator size_small\"><\/div><div class=\"wpb_text_column\"><div class=\"wpb_wrapper\"><h3><b>Access Consciousness K\u00f6rperprozesse\u00a0<\/b><\/h3>\n<h4><b>Dein K\u00f6rper \u2013 dein treuer Begleiter<\/b><\/h4>\n<p><span style=\"font-weight: 400;\">Viele von uns beginnen den Tag, indem sie sich und ihren K\u00f6rper kritisch betrachten. Doch was w\u00e4re, wenn du tats\u00e4chlich mit deinem K\u00f6rper in Verbindung treten k\u00f6nntest? Was, wenn er dir als Wegweiser dient? Stell dir vor, du k\u00f6nntest gemeinsam mit deinem K\u00f6rper Neues erschaffen. Was w\u00e4re, wenn jeder Schmerz lediglich eine Botschaft w\u00e4re, die er dir mitteilen m\u00f6chte? Was, wenn dein K\u00f6rper tats\u00e4chlich dein bester Freund ist?<\/span><\/p>\n<h4><b>Die Kraft der H\u00e4nde<\/b><\/h4>\n<p><span style=\"font-weight: 400;\">Wir alle besitzen die F\u00e4higkeit, durch unsere H\u00e4nde zu wirken. Denk an eine Mutter, die intuitiv ihre H\u00e4nde auf die verletzte Stelle ihres Kindes legt, um zu tr\u00f6sten. Genau das tun wir auch bei den Access K\u00f6rperprozessen: Durch das sanfte Auflegen der H\u00e4nde auf bestimmte Bereiche des K\u00f6rpers und das Aktivieren spezifischer Energien k\u00f6nnen Ungleichgewichte aufgel\u00f6st und tiefsitzende Traumata befreit werden.<\/span><\/p>\n<h4><b>Raum f\u00fcr Neues schaffen<\/b><\/h4>\n<p><span style=\"font-weight: 400;\">Wenn sich der K\u00f6rper von alten Belastungen l\u00f6st, kann Platz f\u00fcr Neues entstehen. Die verschiedenen\u00a0 K\u00f6rperprozesse haben das Potenzial, nicht nur deinen K\u00f6rper zu transformieren, sondern weit dar\u00fcber hinaus zu wirken. Schmerzen, Verletzungen und Krankheiten k\u00f6nnen sich aufl\u00f6sen, w\u00e4hrend deine Selbstheilungskr\u00e4fte aktiviert und die Verbindung zu deinem K\u00f6rper sp\u00fcrbar vertieft werden.<\/span><\/p>\n<h4><b>Buche eine K\u00f6rperprozess-Session<\/b><\/h4>\n<p><span style=\"font-weight: 400;\">In einer individuellen Sitzung w\u00e4hle ich aus rund 60 verschiedenen K\u00f6rperprozessen denjenigen aus, der am besten zu deinem K\u00f6rper passt. W\u00e4hrend ich die H\u00e4nde auflege, kannst du dich einfach entspannen, loslassen und empfangen. Du musst nichts tun, au\u00dfer zu sein \u2013 genauso, wie du bist.<\/span><\/p>\n<\/div><\/div><div class=\" vc_custom_1725896758382 ubtn-ctn-left \"><a class=\"ubtn-link ult-adjust-bottom-margin ubtn-left ubtn-normal \" href=\"https:\/\/back-to-power.de\/de\/kontakt\/\" title=\"Anfrage stellen\" ><button type=\"button\" id=\"ubtn-7457\"  class=\"ubtn ult-adjust-bottom-margin ult-responsive ubtn-normal ubtn-no-hover-bg  none  ubtn-left   tooltip-69e0d78a2d0ba\"  data-hover=\"\" data-border-color=\"\" data-bg=\"#ff5b61\" data-hover-bg=\"\" data-border-hover=\"\" data-shadow-hover=\"\" data-shadow-click=\"none\" data-shadow=\"\" data-shd-shadow=\"\"  data-ultimate-target='#ubtn-7457'  data-responsive-json-new='{\"font-size\":\"\",\"line-height\":\"\"}'  style=\"font-weight:normal;border:none;background: #ff5b61;color: #ffffff;\"><span class=\"ubtn-hover\" style=\"background-color:\"><\/span><span class=\"ubtn-data ubtn-text \" >Anfrage stellen<\/span><\/button><\/a><\/div><\/div><\/div><\/div><\/div><\/section>\n","protected":false},"excerpt":{"rendered":"Access Consciousness K\u00f6rperprozesseFoto von Monheimer-Fotograf.deAccess Consciousness K\u00f6rperprozesse\u00a0 Dein K\u00f6rper \u2013 dein treuer Begleiter Viele von uns beginnen den Tag, indem sie sich und ihren K\u00f6rper kritisch betrachten. Doch was w\u00e4re, wenn du tats\u00e4chlich mit deinem K\u00f6rper in Verbindung treten k\u00f6nntest? Was, wenn er dir als Wegweiser dient? Stell dir vor, du k\u00f6nntest gemeinsam mit deinem...","protected":false},"author":4,"featured_media":0,"parent":0,"menu_order":0,"comment_status":"closed","ping_status":"closed","template":"","meta":{"footnotes":""},"class_list":["post-618","page","type-page","status-publish","hentry"],"_links":{"self":[{"href":"https:\/\/back-to-power.de\/de\/wp-json\/wp\/v2\/pages\/618","targetHints":{"allow":["GET"]}}],"collection":[{"href":"https:\/\/back-to-power.de\/de\/wp-json\/wp\/v2\/pages"}],"about":[{"href":"https:\/\/back-to-power.de\/de\/wp-json\/wp\/v2\/types\/page"}],"author":[{"embeddable":true,"href":"https:\/\/back-to-power.de\/de\/wp-json\/wp\/v2\/users\/4"}],"replies":[{"embeddable":true,"href":"https:\/\/back-to-power.de\/de\/wp-json\/wp\/v2\/comments?post=618"}],"version-history":[{"count":3,"href":"https:\/\/back-to-power.de\/de\/wp-json\/wp\/v2\/pages\/618\/revisions"}],"predecessor-version":[{"id":622,"href":"https:\/\/back-to-power.de\/de\/wp-json\/wp\/v2\/pages\/618\/revisions\/622"}],"wp:attachment":[{"href":"https:\/\/back-to-power.de\/de\/wp-json\/wp\/v2\/media?parent=618"}],"curies":[{"name":"wp","href":"https:\/\/api.w.org\/{rel}","templated":true}]}}