{"id":623,"date":"2024-09-09T17:48:19","date_gmt":"2024-09-09T15:48:19","guid":{"rendered":"https:\/\/back-to-power.de\/de\/?page_id=623"},"modified":"2024-09-09T18:02:46","modified_gmt":"2024-09-09T16:02:46","slug":"sop-symphonie-der-moeglichkeiten","status":"publish","type":"page","link":"https:\/\/back-to-power.de\/de\/sop-symphonie-der-moeglichkeiten\/","title":{"rendered":"SOP &#8211; Symphonie der M\u00f6glichkeiten"},"content":{"rendered":"<section class=\"l-section wpb_row height_medium\"><div class=\"l-section-h i-cf\"><div class=\"g-cols vc_row via_grid cols_1 laptops-cols_inherit tablets-cols_inherit mobiles-cols_1 valign_top type_default stacking_default\"><div class=\"wpb_column vc_column_container\"><div class=\"vc_column-inner\"><h1 class=\"w-post-elm post_title entry-title color_link_inherit\">SOP &#8211; Symphonie der M\u00f6glichkeiten<\/h1><div class=\"w-image align_left\"><div class=\"w-image-h\"><img decoding=\"async\" width=\"1140\" height=\"641\" src=\"https:\/\/back-to-power.de\/de\/wp-content\/uploads\/web-013.webp\" class=\"attachment-large size-large\" alt=\"\" loading=\"lazy\" srcset=\"https:\/\/back-to-power.de\/de\/wp-content\/uploads\/web-013.webp 1600w, https:\/\/back-to-power.de\/de\/wp-content\/uploads\/web-013-1024x576.webp 1024w\" sizes=\"auto, (max-width: 1140px) 100vw, 1140px\" \/><\/div><\/div><div class=\"w-text us_custom_03fdc2b2 has_text_color\"><span class=\"w-text-h\"><span class=\"w-text-value\">Foto von Monheimer-Fotograf.de<\/span><\/span><\/div><div class=\"w-separator size_small\"><\/div><div class=\"wpb_text_column\"><div class=\"wpb_wrapper\"><h3><b>SOP &#8211; Symphonie der M\u00f6glichkeiten\u00a0\u00a0<\/b><\/h3>\n<p><span style=\"font-weight: 400;\">Wie w\u00e4re es, wenn du jetzt tats\u00e4chlich die Ver\u00e4nderung erleben k\u00f6nntest, die du suchst? Es f\u00fchlt sich so an, als ob du nach Neuerungen strebst, aber nichts passiert? Was w\u00e4re, wenn bereits unz\u00e4hlige M\u00f6glichkeiten auf dich warten und du sie nur noch nicht wahrnimmst?<\/span><\/p>\n<p><span style=\"font-weight: 400;\">Eine \u201eSymphonie der M\u00f6glichkeiten\u201c-Sitzung kann genau das ans Licht bringen.<\/span><\/p>\n<p><span style=\"font-weight: 400;\">Diese Methode basiert auf den Werkzeugen von Access Consciousness\u00ae und der energetischen Transformationsarbeit, entwickelt von Dr. Dain Heer. Im Englischen nennt man sie <\/span><b>\u201eSymphony of Possibilities\u00ae\u201c<\/b><span style=\"font-weight: 400;\"> oder kurz <\/span><b>SOP.<\/b><span style=\"font-weight: 400;\"> Alle SOP-Practitioners wurden von ihm pers\u00f6nlich ausgebildet.<\/span><\/p>\n<h4><b>Buche eine SOP-Session :\u00a0<\/b><\/h4>\n<p><span style=\"font-weight: 400;\">In deiner individuellen SOP Session finden wir gemeinsam heraus, was dich (bewusst oder unbewusst) davon abh\u00e4lt, dass du empfangen, was du gerne h\u00e4ttest in deinem Leben.\u00a0<\/span><\/p>\n<p><b>Wenn du alles aus der Session haben k\u00f6nntest, was w\u00e4re das?\u00a0<\/b><\/p>\n<\/div><\/div><div class=\" vc_custom_1725896758382 ubtn-ctn-left \"><a class=\"ubtn-link ult-adjust-bottom-margin ubtn-left ubtn-normal \" href=\"https:\/\/back-to-power.de\/de\/kontakt\/\" title=\"Anfrage stellen\" ><button type=\"button\" id=\"ubtn-7050\"  class=\"ubtn ult-adjust-bottom-margin ult-responsive ubtn-normal ubtn-no-hover-bg  none  ubtn-left   tooltip-69d64d125a578\"  data-hover=\"\" data-border-color=\"\" data-bg=\"#ff5b61\" data-hover-bg=\"\" data-border-hover=\"\" data-shadow-hover=\"\" data-shadow-click=\"none\" data-shadow=\"\" data-shd-shadow=\"\"  data-ultimate-target='#ubtn-7050'  data-responsive-json-new='{\"font-size\":\"\",\"line-height\":\"\"}'  style=\"font-weight:normal;border:none;background: #ff5b61;color: #ffffff;\"><span class=\"ubtn-hover\" style=\"background-color:\"><\/span><span class=\"ubtn-data ubtn-text \" >Anfrage stellen<\/span><\/button><\/a><\/div><\/div><\/div><\/div><\/div><\/section>\n","protected":false},"excerpt":{"rendered":"SOP &#8211; Symphonie der M\u00f6glichkeitenFoto von Monheimer-Fotograf.deSOP &#8211; Symphonie der M\u00f6glichkeiten\u00a0\u00a0 Wie w\u00e4re es, wenn du jetzt tats\u00e4chlich die Ver\u00e4nderung erleben k\u00f6nntest, die du suchst? Es f\u00fchlt sich so an, als ob du nach Neuerungen strebst, aber nichts passiert? Was w\u00e4re, wenn bereits unz\u00e4hlige M\u00f6glichkeiten auf dich warten und du sie nur noch nicht wahrnimmst?...","protected":false},"author":4,"featured_media":0,"parent":0,"menu_order":0,"comment_status":"closed","ping_status":"closed","template":"","meta":{"footnotes":""},"class_list":["post-623","page","type-page","status-publish","hentry"],"_links":{"self":[{"href":"https:\/\/back-to-power.de\/de\/wp-json\/wp\/v2\/pages\/623","targetHints":{"allow":["GET"]}}],"collection":[{"href":"https:\/\/back-to-power.de\/de\/wp-json\/wp\/v2\/pages"}],"about":[{"href":"https:\/\/back-to-power.de\/de\/wp-json\/wp\/v2\/types\/page"}],"author":[{"embeddable":true,"href":"https:\/\/back-to-power.de\/de\/wp-json\/wp\/v2\/users\/4"}],"replies":[{"embeddable":true,"href":"https:\/\/back-to-power.de\/de\/wp-json\/wp\/v2\/comments?post=623"}],"version-history":[{"count":1,"href":"https:\/\/back-to-power.de\/de\/wp-json\/wp\/v2\/pages\/623\/revisions"}],"predecessor-version":[{"id":625,"href":"https:\/\/back-to-power.de\/de\/wp-json\/wp\/v2\/pages\/623\/revisions\/625"}],"wp:attachment":[{"href":"https:\/\/back-to-power.de\/de\/wp-json\/wp\/v2\/media?parent=623"}],"curies":[{"name":"wp","href":"https:\/\/api.w.org\/{rel}","templated":true}]}}