{"id":64,"date":"2022-12-28T17:50:33","date_gmt":"2022-12-28T16:50:33","guid":{"rendered":"https:\/\/back-to-power.de\/de\/?page_id=64"},"modified":"2025-01-29T14:12:12","modified_gmt":"2025-01-29T13:12:12","slug":"esse-tier-pferd","status":"publish","type":"page","link":"https:\/\/back-to-power.de\/de\/esse-tier-pferd\/","title":{"rendered":"ESSE\u2122 Tier\/Pferd"},"content":{"rendered":"<section class=\"l-section wpb_row height_medium\"><div class=\"l-section-h i-cf\"><div class=\"g-cols vc_row via_grid cols_1 laptops-cols_inherit tablets-cols_inherit mobiles-cols_1 valign_top type_default stacking_default\"><div class=\"wpb_column vc_column_container\"><div class=\"vc_column-inner\"><h1 class=\"w-post-elm post_title entry-title color_link_inherit\">ESSE\u2122 Tier\/Pferd<\/h1><div class=\"w-image align_none\"><div class=\"w-image-h\"><img decoding=\"async\" width=\"1140\" height=\"641\" src=\"https:\/\/back-to-power.de\/de\/wp-content\/uploads\/esse-tier_49233422_b.jpg\" class=\"attachment-large size-large\" alt=\"ESSE\u2122 TIER\/PFERD\" loading=\"lazy\" srcset=\"https:\/\/back-to-power.de\/de\/wp-content\/uploads\/esse-tier_49233422_b.jpg 1170w, https:\/\/back-to-power.de\/de\/wp-content\/uploads\/esse-tier_49233422_b-1024x576.jpg 1024w\" sizes=\"auto, (max-width: 1140px) 100vw, 1140px\" \/><\/div><\/div><div class=\"w-separator size_medium\"><\/div><div class=\"wpb_text_column\"><div class=\"wpb_wrapper\"><p><strong>ESSE\u2122 (Energetic Synthesis of Structural Embodiment)<\/strong> ist eine einzigartige K\u00f6rperarbeit, bei der wir uns mit den Molek\u00fclen des Pferdes befassen und der Energie folgen.<\/p>\n<p>Energetische Synthese der strukturellen Verk\u00f6rperung (ESSE) ist eine einzigartige K\u00f6rperarbeit, die Access Consciousness\u2122 mit praktischen Manipulationstechniken kombiniert, die auf das Bindegewebe und die Energiesysteme im gesamten K\u00f6rperbereich abzielen.<\/p>\n<p>ESSE wurde entwickelt, um \u00c4nderungen in der K\u00f6rperstruktur zu bewirken, was die Beweglichkeit, Funktion und die energetischen K\u00f6rpersysteme erleichtert. Wissenschaftliche Forschung zeigt, dass das Fasziensystem auf eine Frage antwortet. Die Tools von Access Consciousness\u2122 laden Sie ein, in allen Aspekten Ihres Lebens und Ihres K\u00f6rpers in der Frage zu sein.<\/p>\n<p>Pferde erhalten die ESSE-Arbeit mit gro\u00dfer Freude und die m\u00f6glichen Ver\u00e4nderungen sind immens.<br \/>\nPferde l\u00fcgen nicht und das Geschenk, das sie uns geben, wenn wir uns im Moment mit ihnen besch\u00e4ftigen, ist unglaublich. Pferde, die ESSE-Sitzungen erhalten haben, haben gezeigt:<\/p>\n<ul class=\"dot\">\n<li>Erneuerte Verbindung und Reaktionsf\u00e4higkeit zum Reiter<\/li>\n<li>Erh\u00f6hte Leichtigkeit und Bewegungsfreiheit<\/li>\n<li>Verbessertes Verhalten und allgemeine Einstellung<\/li>\n<\/ul>\n<\/div><\/div><\/div><\/div><\/div><\/div><\/section>\n","protected":false},"excerpt":{"rendered":"ESSE\u2122 Tier\/PferdESSE\u2122 (Energetic Synthesis of Structural Embodiment) ist eine einzigartige K\u00f6rperarbeit, bei der wir uns mit den Molek\u00fclen des Pferdes befassen und der Energie folgen. Energetische Synthese der strukturellen Verk\u00f6rperung (ESSE) ist eine einzigartige K\u00f6rperarbeit, die Access Consciousness\u2122 mit praktischen Manipulationstechniken kombiniert, die auf das Bindegewebe und die Energiesysteme im gesamten K\u00f6rperbereich abzielen. ESSE wurde...","protected":false},"author":3,"featured_media":0,"parent":0,"menu_order":0,"comment_status":"closed","ping_status":"closed","template":"","meta":{"footnotes":""},"class_list":["post-64","page","type-page","status-publish","hentry"],"_links":{"self":[{"href":"https:\/\/back-to-power.de\/de\/wp-json\/wp\/v2\/pages\/64","targetHints":{"allow":["GET"]}}],"collection":[{"href":"https:\/\/back-to-power.de\/de\/wp-json\/wp\/v2\/pages"}],"about":[{"href":"https:\/\/back-to-power.de\/de\/wp-json\/wp\/v2\/types\/page"}],"author":[{"embeddable":true,"href":"https:\/\/back-to-power.de\/de\/wp-json\/wp\/v2\/users\/3"}],"replies":[{"embeddable":true,"href":"https:\/\/back-to-power.de\/de\/wp-json\/wp\/v2\/comments?post=64"}],"version-history":[{"count":6,"href":"https:\/\/back-to-power.de\/de\/wp-json\/wp\/v2\/pages\/64\/revisions"}],"predecessor-version":[{"id":398,"href":"https:\/\/back-to-power.de\/de\/wp-json\/wp\/v2\/pages\/64\/revisions\/398"}],"wp:attachment":[{"href":"https:\/\/back-to-power.de\/de\/wp-json\/wp\/v2\/media?parent=64"}],"curies":[{"name":"wp","href":"https:\/\/api.w.org\/{rel}","templated":true}]}}