{"id":69,"date":"2022-12-28T17:53:21","date_gmt":"2022-12-28T16:53:21","guid":{"rendered":"https:\/\/back-to-power.de\/de\/?page_id=69"},"modified":"2025-01-29T13:41:40","modified_gmt":"2025-01-29T12:41:40","slug":"access-bars-und-facelift-kurse","status":"publish","type":"page","link":"https:\/\/back-to-power.de\/de\/access-bars-und-facelift-kurse\/","title":{"rendered":"Access Bars &#038; Facelift Kurse"},"content":{"rendered":"<section class=\"l-section wpb_row height_medium\"><div class=\"l-section-h i-cf\"><div class=\"g-cols vc_row via_grid cols_1 laptops-cols_inherit tablets-cols_inherit mobiles-cols_1 valign_top type_default stacking_default\"><div class=\"wpb_column vc_column_container\"><div class=\"vc_column-inner\"><h1 class=\"w-post-elm post_title entry-title color_link_inherit\">Access Bars &#038; Facelift Kurse<\/h1><div class=\"wpb_text_column\"><div class=\"wpb_wrapper\"><p>Auswahl an Kursangeboten in K\u00f6ln, Bonn und NRW:<\/p>\n<\/div><\/div><div class=\"w-separator size_small\"><\/div><div class=\"w-tabs style_default switch_click accordion has_scrolling\" style=\"--sections-title-size:inherit\"><div class=\"w-tabs-sections titles-align_none icon_chevron cpos_right\"><div class=\"w-tabs-section\" id=\"f41a\"><button class=\"w-tabs-section-header\" aria-controls=\"content-f41a\" aria-expanded=\"false\"><div class=\"w-tabs-section-title\">Access Consciousness\u00ae Bars<\/div><div class=\"w-tabs-section-control\"><\/div><\/button><div  class=\"w-tabs-section-content\" id=\"content-f41a\"><div class=\"w-tabs-section-content-h i-cf\"><div class=\"wpb_text_column\"><div class=\"wpb_wrapper\"><div class=\"content_block\" id=\"custom_post_widget-102\"><p><strong>Kurs in K\u00f6ln-Bonn, NRW<\/strong><br \/>\nDer erste Kurs bei Access Consciousness hei\u00dft &#8222;The Bars\u00ae&#8220; (Die Bars). Es gibt 32 Punkte auf deinem Kopf, die bei sanfter Ber\u00fchrung m\u00fchelos und leicht alles aufl\u00f6sen, was dir nicht erlaubt zu empfangen. Es ist so, als ob du die L\u00f6schtaste auf deinem Computer dr\u00fcckst. All die Gedanken, Gef\u00fchle und Emotionen, die dich feststecken lassen und dich immer wieder dieselben Muster in deinem Leben wiederholen lassen, werden einfach losgelassen.<\/p>\n<p>Die Teilnahme an einem Access-Bars-Kurs ist eine Voraussetzung f\u00fcr alle Access Consciousness\u00ae Kernkurse, da dies deinem K\u00f6rper erm\u00f6glicht, die Ver\u00e4nderungen, die du w\u00e4hlst, mit Leichtigkeit zu verarbeiten und zu empfangen.<\/p>\n<p><strong>Was geschieht w\u00e4hrend des Kurses?<\/strong><br \/>\nDer Bars-Kurs ist ein eint\u00e4giger praxisorientierter Kurs, in dem die Teilnehmer die Barspunkte erlernen und zwei Bars-Sitzungen schenken und zwei Bars-Sitzungen empfangen.<\/p>\n<p><strong>Fragen, die oft w\u00e4hrend eines Kurses gestellt werden, sind:<\/strong><br \/>\nWas sind die Bars?<br \/>\nWie kann ich sagen, ob die Bars laufen?<br \/>\nWie finde ich die Barspunkte?<br \/>\nWas ver\u00e4ndert es, wenn man die Bars laufen l\u00e4sst?<br \/>\nDu kannst alle Fragen stellen! Jeder Kurs wird co-kreiert von jedem, der w\u00e4hlt, zu diesem bestimmten Kurs zu kommen.<\/p>\n<p><strong>Termine<\/strong><br \/>\n24.01.2026<\/p>\n<p>31.01.2026<\/p>\n<p>&nbsp;<\/p>\n<p>&nbsp;<\/p>\n<p><strong>Voraussetzungen<\/strong><br \/>\nKeine<\/p>\n<p><strong>Dauer<\/strong><br \/>\nEin Tag<\/p>\n<p><strong>Preis<\/strong><br \/>\n380,- \u20ac inkl. MwSt.<br \/>\n190,- \u20ac inkl. MwSt. f\u00fcr Bars Wiederholer<\/p>\n<p>Zahlungsm\u00f6glichkeiten: <span>bar, Bank\u00fcberweisung oder PayPal<\/span><\/p>\n<p>\u279c <a href=\"https:\/\/www.accessconsciousness.com\/en\/public-profiles\/patricia-pawlar\/\" target=\"_blank\" rel=\"noopener\"><strong>Ticket buchen<\/strong><\/a><\/p>\n<p>&nbsp;<\/p>\n<\/div>\n<\/div><\/div><\/div><\/div><\/div><div class=\"w-tabs-section\" id=\"d84a\"><button class=\"w-tabs-section-header\" aria-controls=\"content-d84a\" aria-expanded=\"false\"><div class=\"w-tabs-section-title\">Access Facelift\u2122<\/div><div class=\"w-tabs-section-control\"><\/div><\/button><div  class=\"w-tabs-section-content\" id=\"content-d84a\"><div class=\"w-tabs-section-content-h i-cf\"><div class=\"wpb_text_column\"><div class=\"wpb_wrapper\"><div class=\"content_block\" id=\"custom_post_widget-540\"><p><strong>Access Facelift\u2122 Kurs<\/strong><br \/>\nDer Access Energetic Facelift transformiert die Zeichen des Alterns und verleiht dem gesamten K\u00f6rper ein physisches und energetisches LIFTING! Er kann alle k\u00f6rpereigenen Energiesysteme dabei unterst\u00fctzen, sich zu mehr Leichtigkeit, Freude und Herrlichkeit zu erneuern.<br \/>\nWusstest du, dass du diese Handauflege-Technik an nur einem Tag erlernen kannst? Ich bin zertifizierter Access-Facelift-Facilitator und biete den eint\u00e4gigen Access Energetic Facelift-Kurse an. W\u00e4hrend des Kurses erh\u00e4ltst du den Prozess zwei Mal und du gibst ihn zwei Mal einer anderen Person.<br \/>\nIm Kurs enthalten ist ein Handbuch und Facelift-Abbildungen, die du sp\u00e4ter als Referenz verwenden kannst. Das Erlernen dieses gro\u00dfartigen Prozesses kann in vielerlei Hinsicht zu deinem Leben beitragen, u. a. kannst du ihn nach diesem eint\u00e4gigen Kurs bei deine Kunden oder Freunden laufen lassen! Egal, ob du ihn anwenden und Geld daf\u00fcr erhalten oder ihn nur als Geschenk f\u00fcr Freunde und Familie m\u00f6chtest, alles steht dir offen. W\u00e4hle einen Kurs, um MEHR zu erfahren!<\/p>\n<p><strong>Termine:<\/strong><br \/>\n24.01..2026<\/p>\n<p>&nbsp;<\/p>\n<p>&nbsp;<\/p>\n<p>&nbsp;<\/p>\n<p><strong>Voraussetzungen\u2028<\/strong><br \/>\nKeine<\/p>\n<p><strong>Dauer<\/strong><br \/>\nEin Tag<\/p>\n<p><strong>Preis<\/strong><br \/>\n480,- \u20ac inkl. MwSt.<\/p>\n<p><strong>Zahlungsm\u00f6glichkeiten:<\/strong><br \/>\nbar, Bank\u00fcberweisung oder PayPal<\/p>\n<p>\u279c <a href=\"https:\/\/www.accessconsciousness.com\/en\/public-profiles\/patricia-pawlar\/\" target=\"_blank\" rel=\"noopener\"><strong>Ticket buchen<\/strong><\/a><\/p>\n<\/div>\n<\/div><\/div><\/div><\/div><\/div><\/div><\/div><\/div><\/div><\/div><\/div><\/section>\n","protected":false},"excerpt":{"rendered":"Access Bars &#038; Facelift KurseAuswahl an Kursangeboten in K\u00f6ln, Bonn und NRW: Access Consciousness\u00ae BarsKurs in K\u00f6ln-Bonn, NRW Der erste Kurs bei Access Consciousness hei\u00dft &#8222;The Bars\u00ae&#8220; (Die Bars). Es gibt 32 Punkte auf deinem Kopf, die bei sanfter Ber\u00fchrung m\u00fchelos und leicht alles aufl\u00f6sen, was dir nicht erlaubt zu empfangen. Es ist so, als...","protected":false},"author":3,"featured_media":0,"parent":0,"menu_order":0,"comment_status":"closed","ping_status":"closed","template":"","meta":{"footnotes":""},"class_list":["post-69","page","type-page","status-publish","hentry"],"_links":{"self":[{"href":"https:\/\/back-to-power.de\/de\/wp-json\/wp\/v2\/pages\/69","targetHints":{"allow":["GET"]}}],"collection":[{"href":"https:\/\/back-to-power.de\/de\/wp-json\/wp\/v2\/pages"}],"about":[{"href":"https:\/\/back-to-power.de\/de\/wp-json\/wp\/v2\/types\/page"}],"author":[{"embeddable":true,"href":"https:\/\/back-to-power.de\/de\/wp-json\/wp\/v2\/users\/3"}],"replies":[{"embeddable":true,"href":"https:\/\/back-to-power.de\/de\/wp-json\/wp\/v2\/comments?post=69"}],"version-history":[{"count":21,"href":"https:\/\/back-to-power.de\/de\/wp-json\/wp\/v2\/pages\/69\/revisions"}],"predecessor-version":[{"id":677,"href":"https:\/\/back-to-power.de\/de\/wp-json\/wp\/v2\/pages\/69\/revisions\/677"}],"wp:attachment":[{"href":"https:\/\/back-to-power.de\/de\/wp-json\/wp\/v2\/media?parent=69"}],"curies":[{"name":"wp","href":"https:\/\/api.w.org\/{rel}","templated":true}]}}