{"id":705,"date":"2025-04-08T10:43:16","date_gmt":"2025-04-08T08:43:16","guid":{"rendered":"https:\/\/back-to-power.de\/de\/?page_id=705"},"modified":"2025-04-08T22:18:50","modified_gmt":"2025-04-08T20:18:50","slug":"energetische-reinigung-von-raeumen-immobilien-raeume-ins-licht-fuehren","status":"publish","type":"page","link":"https:\/\/back-to-power.de\/de\/energetische-reinigung-von-raeumen-immobilien-raeume-ins-licht-fuehren\/","title":{"rendered":"Energetische Reinigung von R\u00e4umen &#038; Immobilien \u2013 R\u00e4ume harmonisieren"},"content":{"rendered":"<section class=\"l-section wpb_row height_medium\"><div class=\"l-section-h i-cf\"><div class=\"g-cols vc_row via_grid cols_1 laptops-cols_inherit tablets-cols_inherit mobiles-cols_1 valign_top type_default stacking_default\"><div class=\"wpb_column vc_column_container\"><div class=\"vc_column-inner\"><h1 class=\"w-post-elm post_title entry-title color_link_inherit\">Energetische Reinigung von R\u00e4umen &#038; Immobilien \u2013 R\u00e4ume harmonisieren<\/h1><div class=\"w-image align_none\"><div class=\"w-image-h\"><img decoding=\"async\" width=\"1140\" height=\"570\" src=\"https:\/\/back-to-power.de\/de\/wp-content\/uploads\/energetische-hausreinigung-rauchern.jpeg\" class=\"attachment-large size-large\" alt=\"\" loading=\"lazy\" srcset=\"https:\/\/back-to-power.de\/de\/wp-content\/uploads\/energetische-hausreinigung-rauchern.jpeg 1335w, https:\/\/back-to-power.de\/de\/wp-content\/uploads\/energetische-hausreinigung-rauchern-1024x512.jpeg 1024w\" sizes=\"auto, (max-width: 1140px) 100vw, 1140px\" \/><\/div><\/div><div class=\"w-separator size_small\"><\/div><div class=\"wpb_text_column\"><div class=\"wpb_wrapper\"><p>Manche Orte tragen alte Geschichten in ihren W\u00e4nden \u2013 Erinnerungen, Emotionen, energetische Abdr\u00fccke, die l\u00e4ngst vergangen, aber noch immer sp\u00fcrbar sind. Vielleicht f\u00fchlt sich ein Raum schwer an, fremd, kalt oder einfach \u201enicht einladend\u201c. Vielleicht steht eine Immobilie seit Monaten leer \u2013 ohne sichtbaren Grund.<\/p>\n<p>In meiner schamanischen Arbeit verbinde ich mich \u00fcber die Ferne mit dem energetischen Feld eines Hauses oder einer Wohnung. Ich begebe mich auf eine schamanische Reise, um die R\u00e4ume auf der feinstofflichen Ebene zu reinigen, zu kl\u00e4ren und mit neuer, lichtvoller Energie zu f\u00fcllen. Dabei d\u00fcrfen gebundene Energien, Fremdenergien und alte Pr\u00e4gungen sanft gel\u00f6st werden \u2013 damit sich der Raum wieder \u00f6ffnen kann.<\/p>\n<h3>Wann darf eine energetische Reinigung geschehen?<\/h3>\n<ul>\n<li>Wenn eine Immobilie sich \u201everschlie\u00dft\u201c und nicht vermietet oder verkauft werden kann<\/li>\n<li>Wenn Gesch\u00e4ftsr\u00e4ume, Ladenlokale aus unerkl\u00e4rlichen Gr\u00fcnden keine Kunden mehr bringen<\/li>\n<li>Nach belastenden Ereignissen, Konflikten oder Trennungen\u2028\u2013 Wenn ein Mensch in der Wohnung verstorben ist<\/li>\n<li>Wenn die Atmosph\u00e4re sich schwer, leer oder \u201efremd\u201c anf\u00fchlt<\/li>\n<li>Als Vorbereitung f\u00fcr einen \u00dcbergang<\/li>\n<li>f\u00fcr etwas Neues, das kommen m\u00f6chte<\/li>\n<\/ul>\n<p>Jeder Ort hat seine eigene Seele. Durch liebevolle, bewusste Reinigung kann er wieder zu einem Ort des Friedens, der Geborgenheit und des Flusses werden.<\/p>\n<h3>Sp\u00fcrst du, dass ein Raum nach Kl\u00e4rung ruft?<\/h3>\n<p>Dann lass uns in einem unverbindlichen Gespr\u00e4ch sp\u00fcren, ob meine Arbeit dich und dein Projekt unterst\u00fctzen darf.<\/p>\n<\/div><\/div><\/div><\/div><\/div><\/div><\/section>\n","protected":false},"excerpt":{"rendered":"Energetische Reinigung von R\u00e4umen &#038; Immobilien \u2013 R\u00e4ume harmonisierenManche Orte tragen alte Geschichten in ihren W\u00e4nden \u2013 Erinnerungen, Emotionen, energetische Abdr\u00fccke, die l\u00e4ngst vergangen, aber noch immer sp\u00fcrbar sind. Vielleicht f\u00fchlt sich ein Raum schwer an, fremd, kalt oder einfach \u201enicht einladend\u201c. Vielleicht steht eine Immobilie seit Monaten leer \u2013 ohne sichtbaren Grund. In meiner...","protected":false},"author":2,"featured_media":0,"parent":0,"menu_order":0,"comment_status":"closed","ping_status":"closed","template":"","meta":{"footnotes":""},"class_list":["post-705","page","type-page","status-publish","hentry"],"_links":{"self":[{"href":"https:\/\/back-to-power.de\/de\/wp-json\/wp\/v2\/pages\/705","targetHints":{"allow":["GET"]}}],"collection":[{"href":"https:\/\/back-to-power.de\/de\/wp-json\/wp\/v2\/pages"}],"about":[{"href":"https:\/\/back-to-power.de\/de\/wp-json\/wp\/v2\/types\/page"}],"author":[{"embeddable":true,"href":"https:\/\/back-to-power.de\/de\/wp-json\/wp\/v2\/users\/2"}],"replies":[{"embeddable":true,"href":"https:\/\/back-to-power.de\/de\/wp-json\/wp\/v2\/comments?post=705"}],"version-history":[{"count":5,"href":"https:\/\/back-to-power.de\/de\/wp-json\/wp\/v2\/pages\/705\/revisions"}],"predecessor-version":[{"id":712,"href":"https:\/\/back-to-power.de\/de\/wp-json\/wp\/v2\/pages\/705\/revisions\/712"}],"wp:attachment":[{"href":"https:\/\/back-to-power.de\/de\/wp-json\/wp\/v2\/media?parent=705"}],"curies":[{"name":"wp","href":"https:\/\/api.w.org\/{rel}","templated":true}]}}