{"id":72,"date":"2022-12-28T17:56:31","date_gmt":"2022-12-28T16:56:31","guid":{"rendered":"https:\/\/back-to-power.de\/de\/?page_id=72"},"modified":"2025-09-10T12:09:06","modified_gmt":"2025-09-10T10:09:06","slug":"schamanische-reise","status":"publish","type":"page","link":"https:\/\/back-to-power.de\/de\/schamanische-reise\/","title":{"rendered":"Schamanische Reise"},"content":{"rendered":"<section class=\"l-section wpb_row height_medium\"><div class=\"l-section-h i-cf\"><div class=\"g-cols vc_row via_grid cols_1 laptops-cols_inherit tablets-cols_inherit mobiles-cols_1 valign_top type_default stacking_default\"><div class=\"wpb_column vc_column_container\"><div class=\"vc_column-inner\"><h1 class=\"w-post-elm post_title entry-title color_link_inherit\">Schamanische Reise<\/h1><div class=\"w-image align_none\"><div class=\"w-image-h\"><img decoding=\"async\" width=\"1140\" height=\"641\" src=\"https:\/\/back-to-power.de\/de\/wp-content\/uploads\/istock-4959860801-scaled-1.jpg\" class=\"attachment-large size-large\" alt=\"Schamatische Reise\" loading=\"lazy\" srcset=\"https:\/\/back-to-power.de\/de\/wp-content\/uploads\/istock-4959860801-scaled-1.jpg 1920w, https:\/\/back-to-power.de\/de\/wp-content\/uploads\/istock-4959860801-scaled-1-1024x576.jpg 1024w\" sizes=\"auto, (max-width: 1140px) 100vw, 1140px\" \/><\/div><\/div><div class=\"w-separator size_small\"><\/div><div class=\"wpb_text_column\"><div class=\"wpb_wrapper\"><h1 data-start=\"268\" data-end=\"333\">Schamanische Heilreisen \u2013 Heilung f\u00fcr K\u00f6rper, Geist und Seele<\/h1>\n<p data-start=\"349\" data-end=\"658\">Seit Jahrtausenden begleiten Schamanen ihre Gemeinschaften als Heiler und Seelenf\u00fchrer. Mit ihrer Gabe, zwischen den Welten zu vermitteln, fanden sie Antworten, die \u00fcber den Verstand hinausgingen. Diese uralte Weisheit ist auch heute ein kraftvoller Weg, um Klarheit, innere Balance und Heilung zu erfahren.<\/p>\n<h2 data-start=\"660\" data-end=\"684\">Warum Schamanismus?<\/h2>\n<p data-start=\"685\" data-end=\"1072\">W\u00e4hrend uns moderne Technik den Weg durch die materielle Welt weist, bleibt vielen Menschen der Zugang zur geistigen Ebene verschlossen. Probleme werden h\u00e4ufig nur rational betrachtet \u2013 und so entsteht das Gef\u00fchl, im Kreis zu laufen.<br data-start=\"918\" data-end=\"921\" \/>Eine schamanische Reise \u00f6ffnet den Blick f\u00fcr eine h\u00f6here Perspektive. Sie kann L\u00f6sungen sichtbar machen, Heilung ansto\u00dfen und innere Blockaden l\u00f6sen.<\/p>\n<h2 data-start=\"1074\" data-end=\"1092\">Unser Angebot<\/h2>\n<ul data-start=\"1093\" data-end=\"1344\">\n<li data-start=\"1093\" data-end=\"1136\">\n<p data-start=\"1095\" data-end=\"1136\">Geistige Heilung f\u00fcr Menschen und Tiere<\/p>\n<\/li>\n<li data-start=\"1137\" data-end=\"1253\">\n<p data-start=\"1139\" data-end=\"1253\">R\u00fcckholung verlorener Seelenanteile \u2013 zum Beispiel nach Unf\u00e4llen, Operationen, Schocks, Traumata oder Missbrauch<\/p>\n<\/li>\n<li data-start=\"1254\" data-end=\"1344\">\n<p data-start=\"1256\" data-end=\"1344\">Aufl\u00f6sung von Blockaden, die \u00c4ngste, Depressionen, S\u00fcchte oder Krankheiten beg\u00fcnstigen<\/p>\n<\/li>\n<\/ul>\n<p data-start=\"1346\" data-end=\"1534\">Wenn Seelenanteile fehlen, entsteht eine innere Leere. Mit schamanischer Arbeit k\u00f6nnen wir diese L\u00fccke schlie\u00dfen, sodass Lebensenergie, Freude und Kraft wieder in Ihr Leben zur\u00fcckkehren.<\/p>\n<h2 data-start=\"1536\" data-end=\"1551\">Ihr Nutzen<\/h2>\n<ul data-start=\"1552\" data-end=\"1782\">\n<li data-start=\"1552\" data-end=\"1597\">\n<p data-start=\"1554\" data-end=\"1597\">Klare Antworten auf wichtige Lebensfragen<\/p>\n<\/li>\n<li data-start=\"1598\" data-end=\"1667\">\n<p data-start=\"1600\" data-end=\"1667\">Heilung auf seelischer Ebene mit positiver Wirkung auf den K\u00f6rper<\/p>\n<\/li>\n<li data-start=\"1668\" data-end=\"1726\">\n<p data-start=\"1670\" data-end=\"1726\">St\u00e4rkung der eigenen Lebensenergie und inneren Balance<\/p>\n<\/li>\n<li data-start=\"1727\" data-end=\"1782\">\n<p data-start=\"1729\" data-end=\"1782\">Begleitung und Unterst\u00fctzung f\u00fcr Menschen und Tiere<\/p>\n<\/li>\n<\/ul>\n<h2 data-start=\"1784\" data-end=\"1812\">Ihre schamanische Reise<\/h2>\n<p data-start=\"1813\" data-end=\"1955\">Eine Reise in die geistige Welt kann erstaunlich klare Antworten liefern \u2013 zu Gesundheit, Beziehungen, Beruf oder pers\u00f6nlichen Lebensthemen.<\/p>\n<p data-start=\"1957\" data-end=\"2117\">Stellen Sie Ihre Frage, \u00f6ffnen Sie sich f\u00fcr neue Impulse \u2013 und lassen Sie uns gemeinsam herausfinden, welche Botschaften die geistige Welt f\u00fcr Sie bereith\u00e4lt.<\/p>\n<p>Schamanische Reisen k\u00f6nnen so viele Informationen liefern &#8230; <strong>Stellen Sie Ihre Frage, egal zu welchem Thema<\/strong> oder Problem und lassen Sie uns schauen was wir herausfinden werden!<\/p>\n<p>Schamanische Reisen f\u00fchre Ich \u00fcber die Ferne durch. Sie m\u00fcssen also nicht vor Ort sein.<\/p>\n<p>Preise variieren je nach Art der Reise. Ich berate Sie gerne telefonisch.<\/p>\n<p>Zahlungsm\u00f6glichkeiten: <span style=\"white-space: nowrap;\">bar, Bank\u00fcberweisung oder PayPal<\/span><\/p>\n<div style=\"margin-top: 80px;\"><strong>WICHTIGER HINWEIS:<\/strong><\/div>\n<p>Die Behandlung ersetzt nicht den Arzt oder Heilpraktiker.<br \/>\nSchamanische Arbeit beinhaltet das heilen k\u00f6rperlicher und seelischer Krankheiten durch Arbeiten mit dem spirituellen Aspekt einer St\u00f6rung.<\/p>\n<\/div><\/div><\/div><\/div><\/div><\/div><\/section>\n","protected":false},"excerpt":{"rendered":"Schamanische ReiseSchamanische Heilreisen \u2013 Heilung f\u00fcr K\u00f6rper, Geist und Seele Seit Jahrtausenden begleiten Schamanen ihre Gemeinschaften als Heiler und Seelenf\u00fchrer. Mit ihrer Gabe, zwischen den Welten zu vermitteln, fanden sie Antworten, die \u00fcber den Verstand hinausgingen. Diese uralte Weisheit ist auch heute ein kraftvoller Weg, um Klarheit, innere Balance und Heilung zu erfahren. Warum Schamanismus?...","protected":false},"author":3,"featured_media":0,"parent":0,"menu_order":0,"comment_status":"closed","ping_status":"closed","template":"","meta":{"footnotes":""},"class_list":["post-72","page","type-page","status-publish","hentry"],"_links":{"self":[{"href":"https:\/\/back-to-power.de\/de\/wp-json\/wp\/v2\/pages\/72","targetHints":{"allow":["GET"]}}],"collection":[{"href":"https:\/\/back-to-power.de\/de\/wp-json\/wp\/v2\/pages"}],"about":[{"href":"https:\/\/back-to-power.de\/de\/wp-json\/wp\/v2\/types\/page"}],"author":[{"embeddable":true,"href":"https:\/\/back-to-power.de\/de\/wp-json\/wp\/v2\/users\/3"}],"replies":[{"embeddable":true,"href":"https:\/\/back-to-power.de\/de\/wp-json\/wp\/v2\/comments?post=72"}],"version-history":[{"count":19,"href":"https:\/\/back-to-power.de\/de\/wp-json\/wp\/v2\/pages\/72\/revisions"}],"predecessor-version":[{"id":732,"href":"https:\/\/back-to-power.de\/de\/wp-json\/wp\/v2\/pages\/72\/revisions\/732"}],"wp:attachment":[{"href":"https:\/\/back-to-power.de\/de\/wp-json\/wp\/v2\/media?parent=72"}],"curies":[{"name":"wp","href":"https:\/\/api.w.org\/{rel}","templated":true}]}}