{"id":78,"date":"2022-12-28T18:01:31","date_gmt":"2022-12-28T17:01:31","guid":{"rendered":"https:\/\/back-to-power.de\/de\/?page_id=78"},"modified":"2025-05-06T21:55:45","modified_gmt":"2025-05-06T19:55:45","slug":"tierkommunikation","status":"publish","type":"page","link":"https:\/\/back-to-power.de\/de\/tierkommunikation\/","title":{"rendered":"Tierkommunikation"},"content":{"rendered":"<section class=\"l-section wpb_row height_medium\"><div class=\"l-section-h i-cf\"><div class=\"g-cols vc_row via_grid cols_1 laptops-cols_inherit tablets-cols_inherit mobiles-cols_1 valign_top type_default stacking_default\"><div class=\"wpb_column vc_column_container\"><div class=\"vc_column-inner\"><h1 class=\"w-post-elm post_title entry-title color_link_inherit\">Tierkommunikation<\/h1><div class=\"w-image align_none\"><div class=\"w-image-h\"><img decoding=\"async\" width=\"1140\" height=\"641\" src=\"https:\/\/back-to-power.de\/de\/wp-content\/uploads\/tierkommunikation-1.jpg\" class=\"attachment-large size-large\" alt=\"Tierkommunikation\" loading=\"lazy\" srcset=\"https:\/\/back-to-power.de\/de\/wp-content\/uploads\/tierkommunikation-1.jpg 1920w, https:\/\/back-to-power.de\/de\/wp-content\/uploads\/tierkommunikation-1-1024x576.jpg 1024w\" sizes=\"auto, (max-width: 1140px) 100vw, 1140px\" \/><\/div><\/div><div class=\"w-separator size_small\"><\/div><div class=\"wpb_text_column\"><div class=\"wpb_wrapper\"><h3>Was ist bloss mit Hundi los?<\/h3>\n<p>Tut dein Tier seltsame Dinge? Bist Du verzweifelt, weil Du nicht wei\u00dft warum?<\/p>\n<p>Wenn Dein bester Kumpel Dir Sorgen bereitet, sei es weil er sein Verhalten pl\u00f6tzlich \u00e4ndert oder weil Du einfach wissen m\u00f6chten, ob Dein Liebling mit seinem Leben gl\u00fccklich ist, nehme Ich mittels einer schamanischen Reise Kontakt mit Deinem Tier auf.<\/p>\n<p>Vom Elefanten bis zur Maus, vom Regenwurm bis zum Krokodil, es spielt keine Rolle welcher Art Ihr tierischer Freund ist. Wir erfragen, was Sie wissen m\u00f6chten.<\/p>\n<p>SIE K\u00d6NNEN ALLES FRAGEN!<br \/>\nEine Reise berechne ich mit 88,-\u20ac<\/p>\n<\/div><\/div><\/div><\/div><\/div><\/div><\/section>\n","protected":false},"excerpt":{"rendered":"TierkommunikationWas ist bloss mit Hundi los? Tut dein Tier seltsame Dinge? Bist Du verzweifelt, weil Du nicht wei\u00dft warum? Wenn Dein bester Kumpel Dir Sorgen bereitet, sei es weil er sein Verhalten pl\u00f6tzlich \u00e4ndert oder weil Du einfach wissen m\u00f6chten, ob Dein Liebling mit seinem Leben gl\u00fccklich ist, nehme Ich mittels einer schamanischen Reise Kontakt...","protected":false},"author":3,"featured_media":0,"parent":0,"menu_order":0,"comment_status":"closed","ping_status":"closed","template":"","meta":{"footnotes":""},"class_list":["post-78","page","type-page","status-publish","hentry"],"_links":{"self":[{"href":"https:\/\/back-to-power.de\/de\/wp-json\/wp\/v2\/pages\/78","targetHints":{"allow":["GET"]}}],"collection":[{"href":"https:\/\/back-to-power.de\/de\/wp-json\/wp\/v2\/pages"}],"about":[{"href":"https:\/\/back-to-power.de\/de\/wp-json\/wp\/v2\/types\/page"}],"author":[{"embeddable":true,"href":"https:\/\/back-to-power.de\/de\/wp-json\/wp\/v2\/users\/3"}],"replies":[{"embeddable":true,"href":"https:\/\/back-to-power.de\/de\/wp-json\/wp\/v2\/comments?post=78"}],"version-history":[{"count":6,"href":"https:\/\/back-to-power.de\/de\/wp-json\/wp\/v2\/pages\/78\/revisions"}],"predecessor-version":[{"id":720,"href":"https:\/\/back-to-power.de\/de\/wp-json\/wp\/v2\/pages\/78\/revisions\/720"}],"wp:attachment":[{"href":"https:\/\/back-to-power.de\/de\/wp-json\/wp\/v2\/media?parent=78"}],"curies":[{"name":"wp","href":"https:\/\/api.w.org\/{rel}","templated":true}]}}