{"id":87,"date":"2022-12-28T18:05:38","date_gmt":"2022-12-28T17:05:38","guid":{"rendered":"https:\/\/back-to-power.de\/de\/?page_id=87"},"modified":"2023-10-06T19:17:05","modified_gmt":"2023-10-06T17:17:05","slug":"ueber-mich","status":"publish","type":"page","link":"https:\/\/back-to-power.de\/de\/ueber-mich\/","title":{"rendered":"\u00dcber mich"},"content":{"rendered":"<section class=\"l-section wpb_row height_medium\"><div class=\"l-section-h i-cf\"><div class=\"g-cols vc_row via_grid cols_1 laptops-cols_inherit tablets-cols_inherit mobiles-cols_1 valign_top type_default stacking_default\"><div class=\"wpb_column vc_column_container\"><div class=\"vc_column-inner\"><h1 class=\"w-post-elm post_title entry-title color_link_inherit\">\u00dcber mich<\/h1><div class=\"g-cols wpb_row via_grid cols_1-2 laptops-cols_inherit tablets-cols_inherit mobiles-cols_1 valign_top type_default stacking_default\" style=\"--columns-gap:3rem;\"><div class=\"wpb_column vc_column_container\"><div class=\"vc_column-inner\"><div class=\"w-image align_none\"><div class=\"w-image-h\"><img decoding=\"async\" width=\"1140\" height=\"1140\" src=\"https:\/\/back-to-power.de\/de\/wp-content\/uploads\/IMG_4003-e1688546964660.jpg\" class=\"attachment-large size-large\" alt=\"Patricia Pawlar - Back to Basic - Access Bars\" loading=\"lazy\" srcset=\"https:\/\/back-to-power.de\/de\/wp-content\/uploads\/IMG_4003-e1688546964660.jpg 1435w, https:\/\/back-to-power.de\/de\/wp-content\/uploads\/IMG_4003-e1688546964660-1024x1024.jpg 1024w, https:\/\/back-to-power.de\/de\/wp-content\/uploads\/IMG_4003-e1688546964660-552x552.jpg 552w\" sizes=\"auto, (max-width: 1140px) 100vw, 1140px\" \/><\/div><\/div><\/div><\/div><div class=\"wpb_column vc_column_container\"><div class=\"vc_column-inner\"><div class=\"wpb_text_column\"><div class=\"wpb_wrapper\"><p><strong>Patricia Pawlar<\/strong><\/p>\n<p>Seit vielen Jahren arbeite Ich mit Menschen und Tieren. Ich habe verschiedene Ausbildungen gemacht: Matrix-Quantenheilung, Suma-RA Heilung, Geomantie-Energetisches Reinigen von St\u00f6rfeldern, moderne Radi\u00e4sthesie, Tierkommunikation, Schamanismus und Access Consciousness\u00ae<\/p>\n<p>Energie-K\u00f6rper &amp; Bewusstseinsarbeit kann neue M\u00f6glichkeiten er\u00f6ffnen zur\u00fcck in die volle Kraft zu kommen.<\/p>\n<\/div><\/div><\/div><\/div><\/div><div class=\"w-separator size_medium with_line width_default thick_1 style_solid color_border align_center\"><div class=\"w-separator-h\"><\/div><\/div><div class=\"g-cols wpb_row via_grid cols_1 laptops-cols_inherit tablets-cols_inherit mobiles-cols_1 valign_top type_default stacking_default\" style=\"--columns-gap:3rem;\"><div class=\"wpb_column vc_column_container\"><div class=\"vc_column-inner\"><div class=\"wpb_text_column\"><div class=\"wpb_wrapper\"><p><strong>Kennst Du das? Du bist dein ganzes Leben auf der Suche, nach etwas, was dich gl\u00fccklich macht? So ging es mir! Kommt dir das bekannt vor?<\/strong><\/p>\n<p>Ich dachte, ich finde es in einer Beziehung, in einem Job oder in irgendetwas anderem, was au\u00dferhalb von mir ist.<\/p>\n<p><span style=\"color: #ff5b61;\">Was wenn der Schl\u00fcssel zum Gl\u00fccklichsein bei dir liegt, und du wei\u00dft es nur noch nicht? Was wenn nichts, wirklich nichts an dir falsch ist und du genau das nur noch erkennen m\u00fcsstest?<\/span><\/p>\n<p>Wie viele Jahre haben ich gebraucht, um das herauszufinden, aber nun entdecke ich immer wieder Neues an mir von dem ich fr\u00fcher dachte, dass es eine Schw\u00e4che ist, welche sich jetzt tats\u00e4chlich als St\u00e4rke erweist.<\/p>\n<p>Und ich werde immer gl\u00fccklicher von Tag zu Tag. Auch wenn es manchmal unbequem sein kann, am Ende kommt immer etwas Gro\u00dfartigeres dabei heraus.<\/p>\n<p>Und das ist, was ich mir f\u00fcr jeden Menschen w\u00fcnsche. Und ich bin hier, um dich zu ermutigen auf deinen Weg zu gehen.<\/p>\n<p>Es ist eine wundervolle aufregende Reise zu dir selbst. Vielleicht brauchst du nur den Schubs in die richtige Richtung?! Und daf\u00fcr bin ich da! Du bist nicht allein! Mit den wundervollen Methoden, die ich \u00fcber Jahre angewendet habe, m\u00f6chte ich auch bei anderen Menschen dazu beitragen ihr Leben zu ver\u00e4ndern.<\/p>\n<p><span style=\"color: #ff5b61;\">Was wenn du in allen Bereichen des Lebens mehr Leichtigkeit haben k\u00f6nntest? Sei es K\u00f6rper, Gesundheit, Gewicht, Sex und Beziehung, Geld, Familie, Angst, Stress und so vieles mehr. H\u00f6rt sich das nach Spa\u00df an?<\/span><\/p>\n<\/div><\/div><div class=\"w-separator size_medium\"><\/div><div class=\"wpb_text_column us_custom_7be1c816\"><div class=\"wpb_wrapper\"><p>Ich biete neue Perspektiven und alternative Heilmethoden, die eine wundervolle Erg\u00e4nzung zur allgemeinen Medizin oder Psychologie sind. Das eine sollte das andere nicht ausschlie\u00dfen, es kann auch wundervoll in Kombination arbeiten.<\/p>\n<p>Meine Arbeit mit Menschen und auch mit Tieren ist ganzheitlich. K\u00f6rper, Geist und Seele stehen dabei im Fokus.<\/p>\n<\/div><\/div><\/div><\/div><\/div><div class=\"w-separator size_large\"><\/div><div class=\"wpb_text_column\"><div class=\"wpb_wrapper\"><p><strong>Wichtiger Hinweis<\/strong><br \/>\nAus rechtlichen Gr\u00fcnden, m\u00f6chte ich Sie darauf aufmerksam machen, dass meine Behandlungsmethoden keine medizinischen Therapieverfahren im Sinne allgemein anerkannter schulmedizinischer Methoden sind.<br \/>\nIch weise ausdr\u00fccklich darauf hin, dass ich kein Heilversprechen abgebe und keine Linderung von Krankheiten garantiere oder verspreche.<br \/>\nMeine angebotenen Therapiemethoden und energetischen Behandlungen stellen kein Vertragsangebot oder rechtsg\u00fcltige Auskunft dar und ersetzen in keinem Fall die pers\u00f6nliche Beratung bei medizinischem Fachpersonal. Bei Krankheiten suchen Sie bitte Ihren Arzt, Heilpraktiker oder Therapeuten auf.<\/p>\n<\/div><\/div><div class=\"w-separator size_medium with_line width_default thick_1 style_solid color_border align_center\"><div class=\"w-separator-h\"><\/div><\/div><div class=\"wpb_text_column\"><div class=\"wpb_wrapper\"><h2 id=\"kundenstimmen\">Kundenstimmen<\/h2>\n<\/div><\/div><div class=\"w-separator size_medium\"><\/div><div class=\"wpb_text_column\"><div class=\"wpb_wrapper\"><p>Sabine Grath (28.06.2017)<\/p>\n<blockquote>\n<p>Liebe Patricia,<br \/>\ndurch deine Berufung,mit den Tieren zu kommunizieren,schaffst Du eine Verbindungs-Br\u00fccke,zwischen Tier und Mensch,dadurch konnte ich Frieden in meinen Gedanken und Liebe in meinem Herzen erfahren,<br \/>\nherzlichst Sabine<\/p>\n<\/blockquote>\n<\/div><\/div><div class=\"w-separator size_small with_line width_50 thick_1 style_solid color_border align_center with_content\"><div class=\"w-separator-h\"><i class=\"fas fa-star\"><\/i><\/div><\/div><div class=\"wpb_text_column\"><div class=\"wpb_wrapper\"><p>Jenny H. aus Aachen (16.09.2016)<\/p>\n<blockquote>\n<p>Hallo mein Name ist Jenny H . Und ich habe mich vor ein paar Wochen zu ihr gewandt weil mein Sohn ( 17 Monate ) einfach nicht mehr schlafen konnte und auch tags\u00fcber unruhig war . Was dann nach einer Reise mitgeteilt wurde klingt einfach im ersten Moment unglaublich aber Fakt ist , das mein Sohn nachdem ihm geholfen wurde endlich wieder schlafen konnte und es ihm sichtlich besser ging . Bin dankbar das uns geholfen wurde und es uns seitdem einfach viel besser geht . Vielen Dank nochmal daf\u00fcr !<\/p>\n<\/blockquote>\n<\/div><\/div><div class=\"w-separator size_small with_line width_50 thick_1 style_solid color_border align_center with_content\"><div class=\"w-separator-h\"><i class=\"fas fa-star\"><\/i><\/div><\/div><div class=\"wpb_text_column\"><div class=\"wpb_wrapper\"><p>Yvonne Zimmermanns (31) aus Wegberg (03.08.2016)<\/p>\n<blockquote>\n<p>Hi, also ich bin echt begeistert&#8230; die Neurodermitis hat sich wirklich gebessert. Man sieht nur noch die stellen wo es gewesen ist aber nicht mehr aufgekratzt oder blutig ?<\/p>\n<\/blockquote>\n<\/div><\/div><div class=\"w-separator size_small with_line width_50 thick_1 style_solid color_border align_center with_content\"><div class=\"w-separator-h\"><i class=\"fas fa-star\"><\/i><\/div><\/div><div class=\"wpb_text_column\"><div class=\"wpb_wrapper\"><p>Jens B. (40) aus Bonn (22.06.2016)<\/p>\n<blockquote>\n<p>Ich hatte zwei Heilbehandlungstermine bei Patricia Pawlar.<\/p>\n<p>Wegen beruflicher und privater Ver\u00e4nderungen befand ich mich in einer<br \/>\nsehr verspannten und gestressten Lebenssituation.<\/p>\n<p>Bei der ersten Behandlung stellte Patricia einige Blockaden meiner Energiefl\u00fcsse fest<br \/>\nund l\u00f6ste diese. Die Behandlung entspannte mich sehr.<br \/>\nIch versp\u00fcrte ein gutes Gef\u00fchl w\u00e4hrend der Behandlung.<br \/>\nPatricia stellte auch einen leichten schiefstand meines Kiefers fest, was Sie auch<br \/>\nkorrigierte.<br \/>\nNach der Sitzung f\u00fchlte ich mich sehr geerdet und entspannt in mir ruhend.<br \/>\nCa zwei Tage danach war ich noch etwas ersch\u00f6pft, dann kam eine Zeit mit viel<br \/>\nneuer Energie und klarer Sicht der Dinge (meine neue Situation).<\/p>\n<p>Bei der zweiten Behandlung festigten wir noch einige Sachen<br \/>\nund auch nach der zweiten Behandlung ging es mir immer noch sehr gut.<\/p>\n<p>Ich habe eine sehr positive und angenehme Erfahrung \u00fcber die Behandlung<br \/>\nvon Patricia Pawlar erfahren und bewerte sie mit:<\/p>\n<p>sehr gut<\/p>\n<p>Viele liebe Gr\u00fc\u00dfe<\/p>\n<p>Jens B<\/p>\n<\/blockquote>\n<\/div><\/div><div class=\"w-separator size_small with_line width_50 thick_1 style_solid color_border align_center with_content\"><div class=\"w-separator-h\"><i class=\"fas fa-star\"><\/i><\/div><\/div><div class=\"wpb_text_column\"><div class=\"wpb_wrapper\"><p>Gabi H. aus H\u00fcckelhoven (03.06.2016)<\/p>\n<blockquote>\n<p>Meine Emma unsere Bullmastiff H\u00fcndin sehr ausgeglichen und ruhig, eines Abends wir sitzen vorm Fernseher beide Hunde liegen in ihrem K\u00f6rbchen bei uns schlafen, Pl\u00f6tzlich steht Emma auf und ging ins Esszimmer, stellt sich vor der Wintergarten T\u00fcr mit eingezogenem Schwanz und steht Starr.<br \/>\nIch rufe sie sie soll sich doch wieder im K\u00f6rbchen legen, das macht sie dann auch, wenige Minuten sp\u00e4ter das gleiche wieder, es war schon unheimlich, daraufhin rief ich Fr. Pawlar an und erz\u00e4hlte ihr alles dann gab ich ihr die Daten von Emma durch und sie schaute nach was Emma den hat. Sie Rief mich zur\u00fcck und erz\u00e4hlte mir das in meinem Haus eine Familie mit zwei Kindern und eine Oma gelebt habe sie konnte mir sogar die Kinder beschreiben wie sie aussahen wie das M\u00e4dchen iher Haare trug sie hate wohl immer Z\u00f6pfe und blondes Haar. Da meine Nachbarn vorher hier gewohnt haben hab ich gesagt das ich sie mal fragen w\u00fcrde wer hier mit Oma gewohnt hat. Ich rief also am anderen Morgen meine Nachbarn an erz\u00e4hlte ihr die Geschichte mit Emma ohne vorher was zu sagen fragte ich sie wer hier fr\u00fcher gelebt hat, ich konnte es nicht glauben und bekam G\u00e4nsehaut am ganzen K\u00f6rper als sie sagte meine Eltern meine Oma und wir zwei Kinder darauf hin sagte ich wie sie ihr Haar getragen habe und sie sagt fr\u00fcher war ich ganz hell und hatte Z\u00f6pfe, ich war sprachlos ich sagte das die Oma wohl noch dar w\u00e4re, sie sagt sie ist in unserem Schlafzimmer gestorben und litt an Alsheimer, darauf hin rief ich Fr. Pawlar an und erz\u00e4hlte ihr alles, sie machte wieder eine Reise und schickte sie ins Licht Reinigte unser Haus und versiegelte alles, von da an war alles wieder gut und meinen Hunden geht es auch wieder gut. Danke Fr. Pawlar<\/p>\n<\/blockquote>\n<\/div><\/div><div class=\"w-separator size_small with_line width_50 thick_1 style_solid color_border align_center with_content\"><div class=\"w-separator-h\"><i class=\"fas fa-star\"><\/i><\/div><\/div><div class=\"wpb_text_column\"><div class=\"wpb_wrapper\"><p>Gabi H. aus H\u00fcckelhoven (24.05.2016)<\/p>\n<blockquote>\n<p>Bin echt begeistert Fr.Pawlar hat meine zwei (Hunde) sehr geholfen.<br \/>\nMein R\u00fcde leidet an Juckreiz Wobei er seinen ganzen R\u00fccken voll mit Krusten und beulen hatte es war ganz schlimm, Fr. Pawlar hat dann eine Reise gemacht um zu sehen was er hat und sagte zu mir das er in einer Woche Krusten frei w\u00e4re.<br \/>\nNaja ich konnte es nicht glauben . Nach einer Woche sagte mein Mann zu mir das sich unser Hund viel besser anf\u00fchlt er habe keine Krusten da viel mir es wieder ein was Fr. Pawlar sagte ich konnte es gar nicht glauben er war frei von Krusten und beulen Hammer.<\/p>\n<\/blockquote>\n<\/div><\/div><div class=\"w-separator size_small with_line width_50 thick_1 style_solid color_border align_center with_content\"><div class=\"w-separator-h\"><i class=\"fas fa-star\"><\/i><\/div><\/div><div class=\"wpb_text_column\"><div class=\"wpb_wrapper\"><p>Alex G. aus K\u00f6ln (07.03.2016)<\/p>\n<blockquote>\n<p>Unsere H\u00fcndin litt sehr stark an Papillomaviren, die im ganzen Mundraum verteilt waren.<br \/>\nPatricia hat sie mittels Quantenheilung in kurzer Zeit entfernen k\u00f6nnen- ohne Chemie und Nebenwirkungen.<\/p>\n<\/blockquote>\n<\/div><\/div><div class=\"w-separator size_small with_line width_50 thick_1 style_solid color_border align_center with_content\"><div class=\"w-separator-h\"><i class=\"fas fa-star\"><\/i><\/div><\/div><div class=\"wpb_text_column\"><div class=\"wpb_wrapper\"><p>Damaris O. aus K\u00f6ln (14.02.2016)<\/p>\n<blockquote>\n<p>Meine damals 1 1\/2 j\u00e4hrige H\u00fcndin wurde durch eine OP und die anschlie\u00dfenden Behandlungen schwer traumatisiert. Beim F\u00e4den ziehen hyperventilierte sie regelrecht. Der Tierarzt ging sehr ruppig mit ihr um und nahm sie zu guter letzt mit Hilfe seiner beiden Arzthelferinnen in den Schwitzkasten. Leider verga\u00df er einen Faden zu ziehen, der sich dann entz\u00fcndete. Wir merkten das leider auch erst sp\u00e4ter. Ein erneutet Tierarztbesuch stand also an. Patricia hat durch ihre F\u00e4higkeiten energetisch zu Arbeiten und mit Tieren zu kommunizieren unserem Hund die Angst nehmen k\u00f6nnen! Es war wie ein Wunder. Sie stand ruhig auf dem Behandlungstisch. Niemand musste Sie festhalten. Die wollte auch nicht fl\u00fcchten. Danke, Patricia, dass Du uns (wir Menschen waren genau so nerv\u00f6s wie der Hund) allen geholfen hast. Gut, dass es Dich gibt und wir wissen: Wir k\u00f6nnen Dich jeder Zeit wieder kontaktieren.<\/p>\n<\/blockquote>\n<\/div><\/div><\/div><\/div><\/div><\/div><\/section>\n","protected":false},"excerpt":{"rendered":"\u00dcber michPatricia Pawlar Seit vielen Jahren arbeite Ich mit Menschen und Tieren. Ich habe verschiedene Ausbildungen gemacht: Matrix-Quantenheilung, Suma-RA Heilung, Geomantie-Energetisches Reinigen von St\u00f6rfeldern, moderne Radi\u00e4sthesie, Tierkommunikation, Schamanismus und Access Consciousness\u00ae Energie-K\u00f6rper &amp; Bewusstseinsarbeit kann neue M\u00f6glichkeiten er\u00f6ffnen zur\u00fcck in die volle Kraft zu kommen. Kennst Du das? Du bist dein ganzes Leben auf der...","protected":false},"author":3,"featured_media":0,"parent":0,"menu_order":0,"comment_status":"closed","ping_status":"closed","template":"","meta":{"footnotes":""},"class_list":["post-87","page","type-page","status-publish","hentry"],"_links":{"self":[{"href":"https:\/\/back-to-power.de\/de\/wp-json\/wp\/v2\/pages\/87","targetHints":{"allow":["GET"]}}],"collection":[{"href":"https:\/\/back-to-power.de\/de\/wp-json\/wp\/v2\/pages"}],"about":[{"href":"https:\/\/back-to-power.de\/de\/wp-json\/wp\/v2\/types\/page"}],"author":[{"embeddable":true,"href":"https:\/\/back-to-power.de\/de\/wp-json\/wp\/v2\/users\/3"}],"replies":[{"embeddable":true,"href":"https:\/\/back-to-power.de\/de\/wp-json\/wp\/v2\/comments?post=87"}],"version-history":[{"count":53,"href":"https:\/\/back-to-power.de\/de\/wp-json\/wp\/v2\/pages\/87\/revisions"}],"predecessor-version":[{"id":496,"href":"https:\/\/back-to-power.de\/de\/wp-json\/wp\/v2\/pages\/87\/revisions\/496"}],"wp:attachment":[{"href":"https:\/\/back-to-power.de\/de\/wp-json\/wp\/v2\/media?parent=87"}],"curies":[{"name":"wp","href":"https:\/\/api.w.org\/{rel}","templated":true}]}}